{"id":528,"date":"2025-11-29T17:37:56","date_gmt":"2025-11-29T22:37:56","guid":{"rendered":"https:\/\/atlasopsintelligence.com\/a-propos\/"},"modified":"2026-03-24T15:03:37","modified_gmt":"2026-03-24T20:03:37","slug":"a-propos","status":"publish","type":"page","link":"https:\/\/atlasopsintelligence.com\/fr\/a-propos\/","title":{"rendered":"\u00c0 propos"},"content":{"rendered":"\n<div class=\"wp-block-uagb-container uagb-layout-grid uagb-block-52a5e7a5 alignfull uagb-is-root-container\"><div class=\"uagb-container-inner-blocks-wrap\">\n<div class=\"wp-block-uagb-advanced-heading uagb-block-8f9583b5\"><div class=\"uagb-separator\"><\/div><h1 class=\"uagb-heading-text\">Qui sommes-nous AtlasOps Intelligence<\/h1><\/div>\n\n\n\n<div class=\"wp-block-uagb-advanced-heading uagb-block-0a094371\"><p class=\"uagb-heading-text\">OpsAtlas se sp\u00e9cialise dans les solutions technologiques sur mesure pour les entreprises qui cherchent \u00e0 se moderniser et \u00e0 cro\u00eetre gr\u00e2ce \u00e0 l&rsquo;innovation et \u00e0 la s\u00e9curit\u00e9.<\/p><\/div>\n<\/div><\/div>\n\n<div class=\"wp-block-uagb-container uagb-block-6d4e3205 alignfull uagb-is-root-container\"><div class=\"uagb-container-inner-blocks-wrap\">\n<div class=\"wp-block-uagb-image uagb-block-41997195 wp-block-uagb-image--layout-default wp-block-uagb-image--effect-static wp-block-uagb-image--align-none uag-blocks-common-selector\" style=\"--z-index-desktop:1;;--z-index-tablet:undefined;;--z-index-mobile:undefined;\"><figure class=\"wp-block-uagb-image__figure\"><img decoding=\"async\" srcset=\"https:\/\/atlasopsintelligence.com\/wp-content\/uploads\/2025\/11\/pexels-photo-4497195.jpeg ,https:\/\/atlasopsintelligence.com\/wp-content\/uploads\/2025\/11\/pexels-photo-4497195.jpeg 780w, https:\/\/atlasopsintelligence.com\/wp-content\/uploads\/2025\/11\/pexels-photo-4497195.jpeg 360w\" sizes=\"auto, (max-width: 480px) 150px\" src=\"https:\/\/atlasopsintelligence.com\/wp-content\/uploads\/2025\/11\/pexels-photo-4497195.jpeg\" alt=\"Gros plan de c\u00e2bles \u00e0 fibre optique \u00e0 code couleur dans un centre de donn\u00e9es.\" class=\"uag-image-17\" width=\"1200\" height=\"400\" title=\"about-bg\" loading=\"lazy\" role=\"img\"><\/figure><\/div>\n\n\n\n<div class=\"wp-block-uagb-advanced-heading uagb-block-c1430afc\"><p class=\"uagb-heading-text\">\u00c0 propos de nous<\/p><div class=\"uagb-separator\"><\/div><\/div>\n\n\n\n<div class=\"wp-block-uagb-advanced-heading uagb-block-8206bff7\"><h2 class=\"uagb-heading-text\"> D\u00e9couvrez la puissance d&rsquo;OpsAtlas dans les solutions technologiques<\/h2><\/div>\n\n\n\n<div class=\"wp-block-uagb-container uagb-block-872fa012\">\n<div class=\"wp-block-uagb-advanced-heading uagb-block-76d9be4a\"><h3 class=\"uagb-heading-text\">OpsAtlas a transform\u00e9 des entreprises en am\u00e9liorant l&rsquo;efficacit\u00e9, en s\u00e9curisant les infrastructures et en automatisant les flux de travail, ce qui a entra\u00een\u00e9 d&rsquo;importantes r\u00e9ductions de co\u00fbts et une croissance acc\u00e9l\u00e9r\u00e9e.<\/h3><\/div>\n\n\n\n<div class=\"wp-block-uagb-advanced-heading uagb-block-e648ce5c\"><p class=\"uagb-heading-text\">Forte d&rsquo;un succ\u00e8s av\u00e9r\u00e9, OpsAtlas a permis \u00e0 de nombreuses organisations de moderniser leurs paysages technologiques, ce qui a entra\u00een\u00e9 une efficacit\u00e9 op\u00e9rationnelle accrue et une pr\u00e9sence num\u00e9rique plus forte qui se traduit par une croissance substantielle.<\/p><p class=\"uagb-desc-text\">Nos solutions technologiques sur mesure ont permis \u00e0 nos clients d&rsquo;atteindre des taux d&rsquo;efficacit\u00e9 plus \u00e9lev\u00e9s, de s\u00e9curiser les syst\u00e8mes critiques et de cr\u00e9er des flux de travail transparents, les positionnant ainsi pour une croissance commerciale durable.<\/p><\/div>\n<\/div>\n\n\n\n<div class=\"wp-block-uagb-image uagb-block-e3600eff wp-block-uagb-image--layout-default wp-block-uagb-image--effect-static wp-block-uagb-image--align-none\"><figure class=\"wp-block-uagb-image__figure\"><img decoding=\"async\" srcset=\"https:\/\/atlasopsintelligence.com\/wp-content\/uploads\/2025\/11\/pexels-photo-4597280.jpeg ,https:\/\/atlasopsintelligence.com\/wp-content\/uploads\/2025\/11\/pexels-photo-4597280.jpeg 780w, https:\/\/atlasopsintelligence.com\/wp-content\/uploads\/2025\/11\/pexels-photo-4597280.jpeg 360w\" sizes=\"auto, (max-width: 480px) 150px\" src=\"https:\/\/atlasopsintelligence.com\/wp-content\/uploads\/2025\/11\/pexels-photo-4597280.jpeg\" alt=\"Ordinateur contemporain sur support entre des racks et des armoires de t\u00e9l\u00e9communication dans un centre de donn\u00e9es moderne\" class=\"uag-image-18\" width=\"1200\" height=\"450\" title=\"who-we-are\" loading=\"lazy\" role=\"img\"><\/figure><\/div>\n\n\n\n<div class=\"wp-block-uagb-advanced-heading uagb-block-257301db\"><p class=\"uagb-heading-text\">Notre parcours<\/p><div class=\"uagb-separator\"><\/div><\/div>\n\n\n\n<div class=\"wp-block-uagb-container uagb-layout-grid uagb-block-d836a3f7\">\n<div class=\"wp-block-uagb-image uagb-block-121b49d0 wp-block-uagb-image--layout-default wp-block-uagb-image--effect-static wp-block-uagb-image--align-none\"><figure class=\"wp-block-uagb-image__figure\"><img decoding=\"async\" srcset=\"https:\/\/atlasopsintelligence.com\/wp-content\/uploads\/2025\/11\/pexels-photo-8242177.jpeg ,https:\/\/atlasopsintelligence.com\/wp-content\/uploads\/2025\/11\/pexels-photo-8242177.jpeg 780w, https:\/\/atlasopsintelligence.com\/wp-content\/uploads\/2025\/11\/pexels-photo-8242177.jpeg 360w\" sizes=\"auto, (max-width: 480px) 150px\" src=\"https:\/\/atlasopsintelligence.com\/wp-content\/uploads\/2025\/11\/pexels-photo-8242177.jpeg\" alt=\"Une superbe vue a\u00e9rienne du b\u00e2timent du parc technologique Arfa Software \u00e0 Lahore, mettant en valeur l\u2019architecture moderne.\" class=\"uag-image-19\" width=\"560\" height=\"450\" title=\"our-story\" loading=\"lazy\" role=\"img\"><\/figure><\/div>\n\n\n\n<div class=\"wp-block-uagb-advanced-heading uagb-block-c10ed874\"><h3 class=\"uagb-heading-text\">Un h\u00e9ritage d&rsquo;excellence dans les services de technologie et de conseil<\/h3><p class=\"uagb-desc-text\">Fond\u00e9e avec la vision de combler le foss\u00e9 entre les solutions pour grandes entreprises et les petites et moyennes entreprises, OpsAtlas est devenue un partenaire de confiance dans le domaine de la technologie et du conseil. Depuis notre cr\u00e9ation, nous avons accord\u00e9 la priorit\u00e9 \u00e0 la qualit\u00e9, aux services bilingues qui permettent aux clients de b\u00e9n\u00e9ficier de solutions de pointe en mati\u00e8re d&rsquo;ing\u00e9nierie de r\u00e9seau, d&rsquo;IA et de migration vers le cloud. Au fur et \u00e0 mesure de notre croissance, notre r\u00e9putation de fournir des r\u00e9sultats qui d\u00e9passent les attentes s&rsquo;est \u00e9galement d\u00e9velopp\u00e9e.  <\/p><\/div>\n<\/div>\n<\/div><\/div>\n\n<div class=\"wp-block-uagb-container uagb-block-08bdc66b alignfull uagb-is-root-container\"><div class=\"uagb-container-inner-blocks-wrap\">\n<div class=\"wp-block-uagb-advanced-heading uagb-block-8a25e220\"><p class=\"uagb-heading-text\">Notre approche<\/p><div class=\"uagb-separator\"><\/div><\/div>\n\n\n\n<div class=\"wp-block-uagb-container uagb-layout-grid uagb-block-5c68a50a\">\n<div class=\"wp-block-uagb-advanced-heading uagb-block-acaeab83\"><h2 class=\"uagb-heading-text\">Transformer les entreprises gr\u00e2ce \u00e0 des solutions intelligentes<\/h2><\/div>\n\n\n\n<div class=\"wp-block-uagb-container uagb-block-b5dc4002\">\n<div class=\"wp-block-uagb-info-box uagb-block-5fb96413 uagb-infobox__content-wrap  uagb-infobox-icon-above-title uagb-infobox-image-valign-top\"><div class=\"uagb-ifb-content\"><div class=\"uagb-ifb-title-wrap\"><span class=\"uagb-ifb-title-prefix\">\u00c9tape 01<\/span><h3 class=\"uagb-ifb-title\">Engagement collaboratif<\/h3><\/div><p class=\"uagb-ifb-desc\">Nous travaillons en \u00e9troite collaboration avec nos clients pour comprendre leurs besoins uniques.<\/p><div class=\"uagb-ifb-separator\"><\/div><\/div><\/div>\n\n\n\n<div class=\"wp-block-uagb-info-box uagb-block-e82c6c50 uagb-infobox__content-wrap  uagb-infobox-icon-above-title uagb-infobox-image-valign-top\"><div class=\"uagb-ifb-content\"><div class=\"uagb-ifb-title-wrap\"><span class=\"uagb-ifb-title-prefix\">\u00c9tape 02<\/span><h3 class=\"uagb-ifb-title\">Solutions sur mesure<\/h3><\/div><p class=\"uagb-ifb-desc\">Nos services sont con\u00e7us sur mesure pour s&rsquo;aligner sur les objectifs et les d\u00e9fis des clients.<\/p><div class=\"uagb-ifb-separator\"><\/div><\/div><\/div>\n\n\n\n<div class=\"wp-block-uagb-info-box uagb-block-63a457f5 uagb-infobox__content-wrap  uagb-infobox-icon-above-title uagb-infobox-image-valign-top\"><div class=\"uagb-ifb-content\"><div class=\"uagb-ifb-title-wrap\"><span class=\"uagb-ifb-title-prefix\">\u00c9tape 03<\/span><h3 class=\"uagb-ifb-title\">Innovation continue<\/h3><\/div><p class=\"uagb-ifb-desc\">Nous tirons parti des derni\u00e8res technologies pour garantir des solutions pertinentes et efficaces.<\/p><\/div><\/div>\n<\/div>\n<\/div>\n<\/div><\/div>\n\n<div class=\"wp-block-uagb-container uagb-layout-grid uagb-block-29a0aaa8 alignfull uagb-is-root-container\"><div class=\"uagb-container-inner-blocks-wrap\">\n<div class=\"wp-block-uagb-advanced-heading uagb-block-42bca5dd\"><div class=\"uagb-separator\"><\/div><h2 class=\"uagb-heading-text\">Take the Next Step Toward Innovation<\/h2><\/div>\n\n\n\n<div class=\"wp-block-uagb-info-box uagb-block-620f6d21 uagb-infobox__content-wrap  uagb-infobox-icon-above-title uagb-infobox-image-valign-top\"><div class=\"uagb-ifb-content\"><div class=\"uagb-ifb-title-wrap\"><p class=\"uagb-ifb-title\">Contact us today to explore how we can elevate your business with our technology solutions.<\/p><\/div><div class=\"uagb-ifb-button-wrapper wp-block-button\"><a href=\"contact\/\" class=\"uagb-infobox-cta-link wp-block-button__link\" target=\"_self\" rel=\"noopener noreferrer\" onclick=\"return true;\"><span class=\"uagb-inline-editing\">Talk to an Expert<\/span><\/a><\/div><\/div><\/div>\n<\/div><\/div>\n","protected":false},"excerpt":{"rendered":"<p>Qui sommes-nous AtlasOps Intelligence OpsAtlas se sp\u00e9cialise dans les solutions technologiques sur mesure pour les entreprises qui cherchent \u00e0 se [&hellip;]<\/p>\n","protected":false},"author":1,"featured_media":0,"parent":0,"menu_order":0,"comment_status":"open","ping_status":"closed","template":"","meta":{"_surecart_dashboard_logo_width":"180px","_surecart_dashboard_show_logo":true,"_surecart_dashboard_navigation_orders":true,"_surecart_dashboard_navigation_invoices":true,"_surecart_dashboard_navigation_subscriptions":true,"_surecart_dashboard_navigation_downloads":true,"_surecart_dashboard_navigation_billing":true,"_surecart_dashboard_navigation_account":true,"_uag_custom_page_level_css":"","site-sidebar-layout":"default","site-content-layout":"","ast-site-content-layout":"default","site-content-style":"default","site-sidebar-style":"default","ast-global-header-display":"","ast-banner-title-visibility":"","ast-main-header-display":"","ast-hfb-above-header-display":"","ast-hfb-below-header-display":"","ast-hfb-mobile-header-display":"","site-post-title":"disabled","ast-breadcrumbs-content":"","ast-featured-img":"","footer-sml-layout":"","ast-disable-related-posts":"","theme-transparent-header-meta":"enabled","adv-header-id-meta":"","stick-header-meta":"","header-above-stick-meta":"","header-main-stick-meta":"","header-below-stick-meta":"","astra-migrate-meta-layouts":"default","ast-page-background-enabled":"default","ast-page-background-meta":{"desktop":{"background-color":"var(--ast-global-color-4)","background-image":"","background-repeat":"repeat","background-position":"center center","background-size":"auto","background-attachment":"scroll","background-type":"","background-media":"","overlay-type":"","overlay-color":"","overlay-opacity":"","overlay-gradient":""},"tablet":{"background-color":"","background-image":"","background-repeat":"repeat","background-position":"center center","background-size":"auto","background-attachment":"scroll","background-type":"","background-media":"","overlay-type":"","overlay-color":"","overlay-opacity":"","overlay-gradient":""},"mobile":{"background-color":"","background-image":"","background-repeat":"repeat","background-position":"center center","background-size":"auto","background-attachment":"scroll","background-type":"","background-media":"","overlay-type":"","overlay-color":"","overlay-opacity":"","overlay-gradient":""}},"ast-content-background-meta":{"desktop":{"background-color":"var(--ast-global-color-5)","background-image":"","background-repeat":"repeat","background-position":"center center","background-size":"auto","background-attachment":"scroll","background-type":"","background-media":"","overlay-type":"","overlay-color":"","overlay-opacity":"","overlay-gradient":""},"tablet":{"background-color":"var(--ast-global-color-5)","background-image":"","background-repeat":"repeat","background-position":"center center","background-size":"auto","background-attachment":"scroll","background-type":"","background-media":"","overlay-type":"","overlay-color":"","overlay-opacity":"","overlay-gradient":""},"mobile":{"background-color":"var(--ast-global-color-5)","background-image":"","background-repeat":"repeat","background-position":"center center","background-size":"auto","background-attachment":"scroll","background-type":"","background-media":"","overlay-type":"","overlay-color":"","overlay-opacity":"","overlay-gradient":""}},"footnotes":""},"class_list":["post-528","page","type-page","status-publish","hentry"],"_hostinger_reach_plugin_has_subscription_block":false,"_hostinger_reach_plugin_is_elementor":false,"uagb_featured_image_src":{"full":false,"thumbnail":false,"medium":false,"medium_large":false,"large":false,"1536x1536":false,"2048x2048":false},"uagb_author_info":{"display_name":"barryaliu","author_link":"https:\/\/atlasopsintelligence.com\/fr\/author\/barryaliu\/"},"uagb_comment_info":0,"uagb_excerpt":"Qui sommes-nous AtlasOps Intelligence OpsAtlas se sp\u00e9cialise dans les solutions technologiques sur mesure pour les entreprises qui cherchent \u00e0 se [&hellip;]","_links":{"self":[{"href":"https:\/\/atlasopsintelligence.com\/fr\/wp-json\/wp\/v2\/pages\/528","targetHints":{"allow":["GET"]}}],"collection":[{"href":"https:\/\/atlasopsintelligence.com\/fr\/wp-json\/wp\/v2\/pages"}],"about":[{"href":"https:\/\/atlasopsintelligence.com\/fr\/wp-json\/wp\/v2\/types\/page"}],"author":[{"embeddable":true,"href":"https:\/\/atlasopsintelligence.com\/fr\/wp-json\/wp\/v2\/users\/1"}],"replies":[{"embeddable":true,"href":"https:\/\/atlasopsintelligence.com\/fr\/wp-json\/wp\/v2\/comments?post=528"}],"version-history":[{"count":10,"href":"https:\/\/atlasopsintelligence.com\/fr\/wp-json\/wp\/v2\/pages\/528\/revisions"}],"predecessor-version":[{"id":662,"href":"https:\/\/atlasopsintelligence.com\/fr\/wp-json\/wp\/v2\/pages\/528\/revisions\/662"}],"wp:attachment":[{"href":"https:\/\/atlasopsintelligence.com\/fr\/wp-json\/wp\/v2\/media?parent=528"}],"curies":[{"name":"wp","href":"https:\/\/api.w.org\/{rel}","templated":true}]}}