{"id":519,"date":"2025-11-29T17:37:56","date_gmt":"2025-11-29T22:37:56","guid":{"rendered":"https:\/\/atlasopsintelligence.com\/services\/"},"modified":"2026-01-04T14:09:53","modified_gmt":"2026-01-04T19:09:53","slug":"services","status":"publish","type":"page","link":"https:\/\/atlasopsintelligence.com\/fr\/services\/","title":{"rendered":"Services"},"content":{"rendered":"\n<div class=\"wp-block-uagb-container uagb-layout-grid uagb-block-52a5e7a5 alignfull uagb-is-root-container\"><div class=\"uagb-container-inner-blocks-wrap\">\n<div class=\"wp-block-uagb-advanced-heading uagb-block-8f9583b5\"><div class=\"uagb-separator\"><\/div><h1 class=\"uagb-heading-text\">Nos services de technologie et de conseil<\/h1><\/div>\n\n\n\n<div class=\"wp-block-uagb-advanced-heading uagb-block-0a094371\"><p class=\"uagb-heading-text\">D\u00e9couvrez notre gamme compl\u00e8te de solutions technologiques con\u00e7ues pour moderniser, s\u00e9curiser et am\u00e9liorer vos op\u00e9rations commerciales.<\/p><\/div>\n<\/div><\/div>\n\n<div class=\"wp-block-uagb-container uagb-block-6d4e3205 alignfull uagb-is-root-container\"><div class=\"uagb-container-inner-blocks-wrap\">\n<div class=\"wp-block-uagb-image uagb-block-41997195 wp-block-uagb-image--layout-default wp-block-uagb-image--effect-static wp-block-uagb-image--align-none uag-hide-mob uag-blocks-common-selector\" style=\"--z-index-desktop:1;;--z-index-tablet:undefined;;--z-index-mobile:undefined;\"><figure class=\"wp-block-uagb-image__figure\"><img decoding=\"async\" srcset=\"https:\/\/atlasopsintelligence.com\/wp-content\/uploads\/2025\/11\/pexels-photo-5926382.jpeg ,https:\/\/atlasopsintelligence.com\/wp-content\/uploads\/2025\/11\/pexels-photo-5926382.jpeg 780w, https:\/\/atlasopsintelligence.com\/wp-content\/uploads\/2025\/11\/pexels-photo-5926382.jpeg 360w\" sizes=\"auto, (max-width: 480px) 150px\" src=\"https:\/\/atlasopsintelligence.com\/wp-content\/uploads\/2025\/11\/pexels-photo-5926382.jpeg\" alt=\"Un programmeur anonyme vu de dessus, portant un sweat \u00e0 capuche noir, travaillant sur du code logiciel sur un netbook contemporain et tapant sur un clavier dans un espace de travail\" class=\"uag-image-20\" width=\"1200\" height=\"400\" title=\"services-bg\" loading=\"lazy\" role=\"img\"><\/figure><\/div>\n\n\n\n<div class=\"wp-block-uagb-container uagb-layout-grid uagb-block-f87c5a33\">\n<div class=\"wp-block-uagb-image uagb-block-d5cf57dc wp-block-uagb-image--layout-default wp-block-uagb-image--effect-static wp-block-uagb-image--align-none\"><figure class=\"wp-block-uagb-image__figure\"><img decoding=\"async\" srcset=\"https:\/\/atlasopsintelligence.com\/wp-content\/uploads\/2025\/11\/pexels-photo-4497195-1024x682.jpeg ,https:\/\/atlasopsintelligence.com\/wp-content\/uploads\/2025\/11\/pexels-photo-4497195.jpeg 780w, https:\/\/atlasopsintelligence.com\/wp-content\/uploads\/2025\/11\/pexels-photo-4497195.jpeg 360w\" sizes=\"auto, (max-width: 480px) 150px\" src=\"https:\/\/atlasopsintelligence.com\/wp-content\/uploads\/2025\/11\/pexels-photo-4497195-1024x682.jpeg\" alt=\"Ing\u00e9nierie r\u00e9seau et cybers\u00e9curit\u00e9 par AtlasOps Intelligence\" class=\"uag-image-17\" width=\"420\" height=\"450\" title=\"Network Engineering &amp; Cybersecurity.jpg\" loading=\"lazy\" role=\"img\"><\/figure><\/div>\n\n\n\n<div class=\"wp-block-uagb-info-box uagb-block-e13864df uagb-infobox__content-wrap  uagb-infobox-icon-above-title uagb-infobox-image-valign-top\"><div class=\"uagb-ifb-content\"><div class=\"uagb-ifb-title-wrap\"><span class=\"uagb-ifb-title-prefix\">01<\/span><h2 class=\"uagb-ifb-title\">Ing\u00e9nierie r\u00e9seau et cybers\u00e9curit\u00e9<\/h2><\/div><p class=\"uagb-ifb-desc\">Nos services d\u2019ing\u00e9nierie r\u00e9seau se concentrent sur la cr\u00e9ation d\u2019infrastructures r\u00e9seau robustes et \u00e9volutives, adapt\u00e9es aux besoins uniques de votre entreprise. Nous int\u00e9grons les derni\u00e8res technologies de leaders tels que Cisco et Palo Alto pour garantir que vos syst\u00e8mes sont s\u00e9curis\u00e9s, efficaces et fiables. Qu\u2019il s\u2019agisse de concevoir un nouveau r\u00e9seau ou d\u2019optimiser votre configuration existante, nos ing\u00e9nieurs exp\u00e9riment\u00e9s fourniront des solutions de haute qualit\u00e9 qui am\u00e9liorent les performances et la connectivit\u00e9, garantissant ainsi le fonctionnement fluide et s\u00e9curis\u00e9 de vos op\u00e9rations dans le paysage num\u00e9rique actuel.  <\/p><div class=\"uagb-ifb-button-wrapper wp-block-button\"><a href=\"network-engineering-cloud-migration\/\" class=\"uagb-infobox-cta-link wp-block-button__link\" target=\"_self\" rel=\"noopener noreferrer\" onclick=\"return true;\"><span class=\"uagb-inline-editing\">En savoir plus<\/span><svg xmlns=\"https:\/\/www.w3.org\/2000\/svg\" viewbox=\"0 0 512 512\"><path d=\"M504.3 273.6l-112.1 104c-6.992 6.484-17.18 8.218-25.94 4.406c-8.758-3.812-14.42-12.45-14.42-21.1L351.9 288H32C14.33 288 .0002 273.7 .0002 255.1S14.33 224 32 224h319.9l0-72c0-9.547 5.66-18.19 14.42-22c8.754-3.809 18.95-2.075 25.94 4.41l112.1 104C514.6 247.9 514.6 264.1 504.3 273.6z\"><\/path><\/svg><\/a><\/div><\/div><\/div>\n<\/div>\n\n\n\n<div class=\"wp-block-uagb-container uagb-layout-grid uagb-block-482412be\">\n<div class=\"wp-block-uagb-info-box uagb-block-438eb260 uagb-infobox__content-wrap  uagb-infobox-icon-above-title uagb-infobox-image-valign-top\"><div class=\"uagb-ifb-content\"><div class=\"uagb-ifb-title-wrap\"><span class=\"uagb-ifb-title-prefix\">02<\/span><h2 class=\"uagb-ifb-title\">Migration vers le cloud et services Azure<\/h2><\/div><p class=\"uagb-ifb-desc\">Nos services de migration vers le cloud sont con\u00e7us pour faciliter une transition transparente des syst\u00e8mes sur site vers le cloud, garantissant que vos donn\u00e9es restent s\u00e9curis\u00e9es tout en am\u00e9liorant la flexibilit\u00e9 op\u00e9rationnelle. En tirant parti de plateformes telles que Microsoft Azure, nous \u00e9valuons votre infrastructure existante et d\u00e9veloppons une strat\u00e9gie de migration sur mesure qui minimise les temps d\u2019arr\u00eat et les perturbations. Notre \u00e9quipe d\u2019experts vous guidera \u00e0 travers chaque phase du processus, de la planification et de l\u2019ex\u00e9cution \u00e0 l\u2019optimisation, vous permettant d\u2019exploiter la puissance de la technologie cloud en toute confiance et efficacit\u00e9.  <\/p><div class=\"uagb-ifb-button-wrapper wp-block-button\"><a href=\"%e2%98%81%ef%b8%8f-cloud-migration-azure-services\/\" class=\"uagb-infobox-cta-link wp-block-button__link\" target=\"_self\" rel=\"noopener noreferrer\" onclick=\"return true;\"><span class=\"uagb-inline-editing\">D\u00e9couvrir plus<\/span><svg xmlns=\"https:\/\/www.w3.org\/2000\/svg\" viewbox=\"0 0 512 512\"><path d=\"M504.3 273.6l-112.1 104c-6.992 6.484-17.18 8.218-25.94 4.406c-8.758-3.812-14.42-12.45-14.42-21.1L351.9 288H32C14.33 288 .0002 273.7 .0002 255.1S14.33 224 32 224h319.9l0-72c0-9.547 5.66-18.19 14.42-22c8.754-3.809 18.95-2.075 25.94 4.41l112.1 104C514.6 247.9 514.6 264.1 504.3 273.6z\"><\/path><\/svg><\/a><\/div><\/div><\/div>\n\n\n\n<div class=\"wp-block-uagb-image uagb-block-9593fe77 wp-block-uagb-image--layout-default wp-block-uagb-image--effect-static wp-block-uagb-image--align-none\"><figure class=\"wp-block-uagb-image__figure\"><img decoding=\"async\" srcset=\"https:\/\/atlasopsintelligence.com\/wp-content\/uploads\/2025\/12\/ChatGPT-Image-Dec-9-2025-at-06_17_25-PM-683x1024.png ,https:\/\/atlasopsintelligence.com\/wp-content\/uploads\/2025\/12\/ChatGPT-Image-Dec-9-2025-at-06_17_25-PM.png 780w, https:\/\/atlasopsintelligence.com\/wp-content\/uploads\/2025\/12\/ChatGPT-Image-Dec-9-2025-at-06_17_25-PM.png 360w\" sizes=\"auto, (max-width: 480px) 150px\" src=\"https:\/\/atlasopsintelligence.com\/wp-content\/uploads\/2025\/12\/ChatGPT-Image-Dec-9-2025-at-06_17_25-PM-683x1024.png\" alt=\"Services de migration vers le cloud et de conseil Azure par AtlasOps Intelligence\" class=\"uag-image-290\" width=\"420\" height=\"450\" title=\"Services de migration vers le cloud et de conseil Azure par AtlasOps Intelligence\" loading=\"lazy\" role=\"img\"><\/figure><\/div>\n<\/div>\n\n\n\n<div class=\"wp-block-uagb-container uagb-layout-grid uagb-block-bcade5ff\">\n<div class=\"wp-block-uagb-image uagb-block-3cb92e8a wp-block-uagb-image--layout-default wp-block-uagb-image--effect-static wp-block-uagb-image--align-none\"><figure class=\"wp-block-uagb-image__figure\"><img decoding=\"async\" srcset=\"https:\/\/atlasopsintelligence.com\/wp-content\/uploads\/2025\/11\/pexels-photo-270557-1024x682.jpeg ,https:\/\/atlasopsintelligence.com\/wp-content\/uploads\/2025\/11\/pexels-photo-270557.jpeg 780w, https:\/\/atlasopsintelligence.com\/wp-content\/uploads\/2025\/11\/pexels-photo-270557.jpeg 360w\" sizes=\"auto, (max-width: 480px) 150px\" src=\"https:\/\/atlasopsintelligence.com\/wp-content\/uploads\/2025\/11\/pexels-photo-270557-1024x682.jpeg\" alt=\"Gros plan sur du code PHP sur un moniteur, mettant en \u00e9vidence les concepts de d\u00e9veloppement et de programmation.\" class=\"uag-image-21\" width=\"420\" height=\"450\" title=\"pexels photo 270557\" loading=\"lazy\" role=\"img\"><\/figure><\/div>\n\n\n\n<div class=\"wp-block-uagb-info-box uagb-block-3d8f6cce uagb-infobox__content-wrap  uagb-infobox-icon-above-title uagb-infobox-image-valign-top\"><div class=\"uagb-ifb-content\"><div class=\"uagb-ifb-title-wrap\"><span class=\"uagb-ifb-title-prefix\">03<\/span><h2 class=\"uagb-ifb-title\">Solutions d\u2019automatisation de l\u2019IA<\/h2><\/div><p class=\"uagb-ifb-desc\">Chez OpsAtlas, nos solutions d\u2019IA fournissent des impl\u00e9mentations personnalis\u00e9es con\u00e7ues pour transformer votre entreprise gr\u00e2ce \u00e0 des informations bas\u00e9es sur les donn\u00e9es et \u00e0 l\u2019automatisation. Nous exploitons la puissance de l\u2019intelligence artificielle pour vous aider \u00e0 analyser de grandes quantit\u00e9s de donn\u00e9es, \u00e0 rationaliser les processus et \u00e0 am\u00e9liorer les capacit\u00e9s de prise de d\u00e9cision. Des tableaux de bord d\u2019IA aux mod\u00e8les d\u2019apprentissage automatique, notre \u00e9quipe d\u2019experts travaillera en \u00e9troite collaboration avec vous pour identifier les opportunit\u00e9s, \u00e9laborer des strat\u00e9gies et cr\u00e9er une feuille de route robuste pour l\u2019int\u00e9gration des technologies d\u2019IA dans vos op\u00e9rations, stimulant ainsi la croissance et l\u2019innovation au sein de votre organisation.  <\/p><div class=\"uagb-ifb-button-wrapper wp-block-button\"><a href=\"ai-solutions-consulting\/\" class=\"uagb-infobox-cta-link wp-block-button__link\" target=\"_self\" rel=\"noopener noreferrer\" onclick=\"return true;\"><span class=\"uagb-inline-editing\">D\u00e9couvrir les capacit\u00e9s de l\u2019IA<\/span><svg xmlns=\"https:\/\/www.w3.org\/2000\/svg\" viewbox=\"0 0 512 512\"><path d=\"M504.3 273.6l-112.1 104c-6.992 6.484-17.18 8.218-25.94 4.406c-8.758-3.812-14.42-12.45-14.42-21.1L351.9 288H32C14.33 288 .0002 273.7 .0002 255.1S14.33 224 32 224h319.9l0-72c0-9.547 5.66-18.19 14.42-22c8.754-3.809 18.95-2.075 25.94 4.41l112.1 104C514.6 247.9 514.6 264.1 504.3 273.6z\"><\/path><\/svg><\/a><\/div><\/div><\/div>\n<\/div>\n\n\n\n<div class=\"wp-block-uagb-container uagb-layout-grid uagb-block-66b30793\">\n<div class=\"wp-block-uagb-info-box uagb-block-fda47be5 uagb-infobox__content-wrap  uagb-infobox-icon-above-title uagb-infobox-image-valign-top\"><div class=\"uagb-ifb-content\"><div class=\"uagb-ifb-title-wrap\"><span class=\"uagb-ifb-title-prefix\">04<\/span><h2 class=\"uagb-ifb-title\">Innovation num\u00e9rique<\/h2><\/div><p class=\"uagb-ifb-desc\">Nos services d\u2019innovation num\u00e9rique se concentrent sur l\u2019am\u00e9lioration de votre pr\u00e9sence en ligne gr\u00e2ce au d\u00e9veloppement de sites web professionnels et \u00e0 des strat\u00e9gies de marketing num\u00e9rique avanc\u00e9es. Nous comprenons l\u2019importance d\u2019une forte empreinte num\u00e9rique sur le march\u00e9 actuel, et notre \u00e9quipe se sp\u00e9cialise dans la cr\u00e9ation de sites web conviviaux qui non seulement ont fi\u00e8re allure, mais qui stimulent \u00e9galement l\u2019engagement et les conversions. En combinant une conception de pointe avec des techniques de marketing innovantes, nous aidons les entreprises \u00e0 se d\u00e9marquer, \u00e0 se connecter avec leur public et \u00e0 atteindre leurs objectifs dans le paysage num\u00e9rique. Adoptez l\u2019avenir avec nos solutions num\u00e9riques sur mesure.   <\/p><div class=\"uagb-ifb-button-wrapper wp-block-button\"><a href=\"digital-innovation-services\/\" class=\"uagb-infobox-cta-link wp-block-button__link\" target=\"_self\" rel=\"noopener noreferrer\" onclick=\"return true;\"><span class=\"uagb-inline-editing\">En savoir plus<\/span><svg xmlns=\"https:\/\/www.w3.org\/2000\/svg\" viewbox=\"0 0 512 512\"><path d=\"M504.3 273.6l-112.1 104c-6.992 6.484-17.18 8.218-25.94 4.406c-8.758-3.812-14.42-12.45-14.42-21.1L351.9 288H32C14.33 288 .0002 273.7 .0002 255.1S14.33 224 32 224h319.9l0-72c0-9.547 5.66-18.19 14.42-22c8.754-3.809 18.95-2.075 25.94 4.41l112.1 104C514.6 247.9 514.6 264.1 504.3 273.6z\"><\/path><\/svg><\/a><\/div><\/div><\/div>\n\n\n\n<div class=\"wp-block-uagb-image uagb-block-15026c62 wp-block-uagb-image--layout-default wp-block-uagb-image--effect-static wp-block-uagb-image--align-none\"><figure class=\"wp-block-uagb-image__figure\"><img decoding=\"async\" srcset=\"https:\/\/atlasopsintelligence.com\/wp-content\/uploads\/2025\/11\/pexels-photo-256219.jpeg ,https:\/\/atlasopsintelligence.com\/wp-content\/uploads\/2025\/11\/pexels-photo-256219.jpeg 780w, https:\/\/atlasopsintelligence.com\/wp-content\/uploads\/2025\/11\/pexels-photo-256219.jpeg 360w\" sizes=\"auto, (max-width: 480px) 150px\" src=\"https:\/\/atlasopsintelligence.com\/wp-content\/uploads\/2025\/11\/pexels-photo-256219.jpeg\" alt=\"Une salle de contr\u00f4le anim\u00e9e avec des personnes travaillant sur plusieurs \u00e9crans d\u2019ordinateur.\" class=\"uag-image-14\" width=\"420\" height=\"450\" title=\"services-04\" loading=\"lazy\" role=\"img\"><\/figure><\/div>\n<\/div>\n<\/div><\/div>\n\n<div class=\"wp-block-uagb-container uagb-layout-grid uagb-block-29a0aaa8 alignfull uagb-is-root-container\"><div class=\"uagb-container-inner-blocks-wrap\">\n<div class=\"wp-block-uagb-advanced-heading uagb-block-42bca5dd\"><div class=\"uagb-separator\"><\/div><h2 class=\"uagb-heading-text\">Take the Next Step Toward Innovation<\/h2><\/div>\n\n\n\n<div class=\"wp-block-uagb-info-box uagb-block-620f6d21 uagb-infobox__content-wrap  uagb-infobox-icon-above-title uagb-infobox-image-valign-top\"><div class=\"uagb-ifb-content\"><div class=\"uagb-ifb-title-wrap\"><p class=\"uagb-ifb-title\">Contact us today to explore how we can elevate your business with our technology solutions.<\/p><\/div><div class=\"uagb-ifb-button-wrapper wp-block-button\"><a href=\"contact\/\" class=\"uagb-infobox-cta-link wp-block-button__link\" target=\"_self\" rel=\"noopener noreferrer\" onclick=\"return true;\"><span class=\"uagb-inline-editing\">Talk to an Expert<\/span><\/a><\/div><\/div><\/div>\n<\/div><\/div>\n","protected":false},"excerpt":{"rendered":"<p>Nos services de technologie et de conseil D\u00e9couvrez notre gamme compl\u00e8te de solutions technologiques con\u00e7ues pour moderniser, s\u00e9curiser et am\u00e9liorer [&hellip;]<\/p>\n","protected":false},"author":1,"featured_media":0,"parent":0,"menu_order":0,"comment_status":"closed","ping_status":"closed","template":"","meta":{"_surecart_dashboard_logo_width":"180px","_surecart_dashboard_show_logo":true,"_surecart_dashboard_navigation_orders":true,"_surecart_dashboard_navigation_invoices":true,"_surecart_dashboard_navigation_subscriptions":true,"_surecart_dashboard_navigation_downloads":true,"_surecart_dashboard_navigation_billing":true,"_surecart_dashboard_navigation_account":true,"_uag_custom_page_level_css":"","site-sidebar-layout":"default","site-content-layout":"","ast-site-content-layout":"default","site-content-style":"default","site-sidebar-style":"default","ast-global-header-display":"","ast-banner-title-visibility":"","ast-main-header-display":"","ast-hfb-above-header-display":"","ast-hfb-below-header-display":"","ast-hfb-mobile-header-display":"","site-post-title":"disabled","ast-breadcrumbs-content":"","ast-featured-img":"","footer-sml-layout":"","ast-disable-related-posts":"","theme-transparent-header-meta":"enabled","adv-header-id-meta":"","stick-header-meta":"","header-above-stick-meta":"","header-main-stick-meta":"","header-below-stick-meta":"","astra-migrate-meta-layouts":"default","ast-page-background-enabled":"default","ast-page-background-meta":{"desktop":{"background-color":"var(--ast-global-color-4)","background-image":"","background-repeat":"repeat","background-position":"center center","background-size":"auto","background-attachment":"scroll","background-type":"","background-media":"","overlay-type":"","overlay-color":"","overlay-opacity":"","overlay-gradient":""},"tablet":{"background-color":"","background-image":"","background-repeat":"repeat","background-position":"center center","background-size":"auto","background-attachment":"scroll","background-type":"","background-media":"","overlay-type":"","overlay-color":"","overlay-opacity":"","overlay-gradient":""},"mobile":{"background-color":"","background-image":"","background-repeat":"repeat","background-position":"center center","background-size":"auto","background-attachment":"scroll","background-type":"","background-media":"","overlay-type":"","overlay-color":"","overlay-opacity":"","overlay-gradient":""}},"ast-content-background-meta":{"desktop":{"background-color":"var(--ast-global-color-5)","background-image":"","background-repeat":"repeat","background-position":"center center","background-size":"auto","background-attachment":"scroll","background-type":"","background-media":"","overlay-type":"","overlay-color":"","overlay-opacity":"","overlay-gradient":""},"tablet":{"background-color":"var(--ast-global-color-5)","background-image":"","background-repeat":"repeat","background-position":"center center","background-size":"auto","background-attachment":"scroll","background-type":"","background-media":"","overlay-type":"","overlay-color":"","overlay-opacity":"","overlay-gradient":""},"mobile":{"background-color":"var(--ast-global-color-5)","background-image":"","background-repeat":"repeat","background-position":"center center","background-size":"auto","background-attachment":"scroll","background-type":"","background-media":"","overlay-type":"","overlay-color":"","overlay-opacity":"","overlay-gradient":""}},"footnotes":""},"class_list":["post-519","page","type-page","status-publish","hentry"],"_hostinger_reach_plugin_has_subscription_block":false,"_hostinger_reach_plugin_is_elementor":false,"uagb_featured_image_src":{"full":false,"thumbnail":false,"medium":false,"medium_large":false,"large":false,"1536x1536":false,"2048x2048":false},"uagb_author_info":{"display_name":"barryaliu","author_link":"https:\/\/atlasopsintelligence.com\/fr\/author\/barryaliu\/"},"uagb_comment_info":0,"uagb_excerpt":"Nos services de technologie et de conseil D\u00e9couvrez notre gamme compl\u00e8te de solutions technologiques con\u00e7ues pour moderniser, s\u00e9curiser et am\u00e9liorer [&hellip;]","_links":{"self":[{"href":"https:\/\/atlasopsintelligence.com\/fr\/wp-json\/wp\/v2\/pages\/519","targetHints":{"allow":["GET"]}}],"collection":[{"href":"https:\/\/atlasopsintelligence.com\/fr\/wp-json\/wp\/v2\/pages"}],"about":[{"href":"https:\/\/atlasopsintelligence.com\/fr\/wp-json\/wp\/v2\/types\/page"}],"author":[{"embeddable":true,"href":"https:\/\/atlasopsintelligence.com\/fr\/wp-json\/wp\/v2\/users\/1"}],"replies":[{"embeddable":true,"href":"https:\/\/atlasopsintelligence.com\/fr\/wp-json\/wp\/v2\/comments?post=519"}],"version-history":[{"count":5,"href":"https:\/\/atlasopsintelligence.com\/fr\/wp-json\/wp\/v2\/pages\/519\/revisions"}],"predecessor-version":[{"id":623,"href":"https:\/\/atlasopsintelligence.com\/fr\/wp-json\/wp\/v2\/pages\/519\/revisions\/623"}],"wp:attachment":[{"href":"https:\/\/atlasopsintelligence.com\/fr\/wp-json\/wp\/v2\/media?parent=519"}],"curies":[{"name":"wp","href":"https:\/\/api.w.org\/{rel}","templated":true}]}}