{"id":516,"date":"2025-12-29T12:10:38","date_gmt":"2025-12-29T17:10:38","guid":{"rendered":"https:\/\/atlasopsintelligence.com\/conseil-en-solutions-dia\/"},"modified":"2026-02-01T22:24:35","modified_gmt":"2026-02-02T03:24:35","slug":"conseil-en-solutions-dia","status":"publish","type":"page","link":"https:\/\/atlasopsintelligence.com\/fr\/services\/conseil-en-solutions-dia\/","title":{"rendered":"Conseil en solutions d\u2019IA"},"content":{"rendered":"\n<div class=\"wp-block-uagb-container uagb-layout-grid uagb-block-52a5e7a5 alignfull uagb-is-root-container\"><div class=\"uagb-container-inner-blocks-wrap\">\n<div class=\"wp-block-uagb-info-box uagb-block-0c3037de uagb-infobox__content-wrap  uagb-infobox-icon-above-title uagb-infobox-image-valign-top\"><div class=\"uagb-ifb-content\"><div class=\"uagb-ifb-title-wrap\"><h1 class=\"uagb-ifb-title\">Conseil en solutions d\u2019IA<\/h1><\/div><div class=\"uagb-ifb-desc\">\n<p class=\"has-black-color has-text-color has-link-color has-medium-font-size wp-elements-0610a2b1b104f6642b7a2df32aafd9b0\">Des solutions d\u2019IA appliqu\u00e9es qui transforment les donn\u00e9es en informations exploitables et en valeur commerciale mesurable.<\/p>\n\n\n\n<p class=\"has-black-color has-text-color has-link-color has-small-font-size wp-elements-7eff6e55ea682d899e18ec9054f8bc94\">Sans engagement. Consultation dirig\u00e9e par des ing\u00e9nieurs. <\/p>\n<\/div><div class=\"uagb-ifb-button-wrapper wp-block-button\"><a href=\"contact\/\" class=\"uagb-infobox-cta-link ast-outline-button\" target=\"_self\" rel=\"noopener noreferrer\" style=\"border-width:revert-layer\" onclick=\"return true;\"><span class=\"uagb-inline-editing\">Parlez \u00e0 un expert<\/span><\/a><\/div><\/div><\/div>\n\n\n\n<div class=\"wp-block-uagb-advanced-heading uagb-block-0a094371\"><p class=\"uagb-desc-text\">AtlasOps fournit des solutions pratiques d\u2019IA et d\u2019automatisation con\u00e7ues pour aider les organisations \u00e0 prendre de meilleures d\u00e9cisions, \u00e0 am\u00e9liorer leur efficacit\u00e9 et \u00e0 tirer parti de leurs donn\u00e9es. Nous nous concentrons sur des cas d\u2019utilisation concrets, et non sur une IA exp\u00e9rimentale ou sur-ing\u00e9nieris\u00e9e. <\/p><\/div>\n<\/div><\/div>\n\n<div class=\"wp-block-uagb-image uagb-block-41997195 wp-block-uagb-image--layout-default wp-block-uagb-image--effect-static wp-block-uagb-image--align-none uag-blocks-common-selector\" style=\"--z-index-desktop:1;;--z-index-tablet:undefined;;--z-index-mobile:undefined;\"><figure class=\"wp-block-uagb-image__figure\"><img decoding=\"async\" srcset=\"https:\/\/atlasopsintelligence.com\/wp-content\/uploads\/2025\/12\/ai-solutions-business-intelligence-consulting-atlasops-1024x683.png ,https:\/\/atlasopsintelligence.com\/wp-content\/uploads\/2025\/12\/ai-solutions-business-intelligence-consulting-atlasops.png 780w, https:\/\/atlasopsintelligence.com\/wp-content\/uploads\/2025\/12\/ai-solutions-business-intelligence-consulting-atlasops.png 360w\" sizes=\"auto, (max-width: 480px) 150px\" src=\"https:\/\/atlasopsintelligence.com\/wp-content\/uploads\/2025\/12\/ai-solutions-business-intelligence-consulting-atlasops-1024x683.png\" alt=\"Solutions d'IA appliqu\u00e9e transformant les donn\u00e9es commerciales en informations exploitables\" class=\"uag-image-464\" width=\"1200\" height=\"500\" title=\"Solutions d\u2019IA appliqu\u00e9es pour l\u2019intelligence d\u2019affaires\" loading=\"lazy\" role=\"img\"><\/figure><\/div>\n\n<div class=\"wp-block-uagb-advanced-heading uagb-block-c1430afc\"><h2 class=\"uagb-heading-text\">Ce que nous faisons<\/h2><div class=\"uagb-separator\"><\/div><\/div>\n\n<p>Nous aidons les organisations \u00e0 concevoir et \u00e0 mettre en \u0153uvre des solutions d\u2019IA appliqu\u00e9es qui r\u00e9pondent \u00e0 de v\u00e9ritables d\u00e9fis op\u00e9rationnels et commerciaux. Notre travail consiste \u00e0 transformer les donn\u00e9es en informations, \u00e0 automatiser les processus et \u00e0 soutenir la prise de d\u00e9cision gr\u00e2ce \u00e0 des syst\u00e8mes d\u2019IA fiables et \u00e9volutifs.<br\/>AtlasOps adopte une approche d\u2019ing\u00e9nierie de premier plan en mati\u00e8re d\u2019IA, en veillant \u00e0 ce que les solutions soient compr\u00e9hensibles, maintenables et align\u00e9es sur votre infrastructure et vos objectifs commerciaux. <\/p>\n\n<div class=\"wp-block-uagb-advanced-heading uagb-block-183b9899\"><h2 class=\"uagb-heading-text\">Nos comp\u00e9tences<\/h2><div class=\"uagb-separator\"><\/div><\/div>\n\n<p>Nos services de conseil en solutions d\u2019IA comprennent:<\/p>\n\n<ul class=\"wp-block-list\">\n<li>Strat\u00e9gie d\u2019IA et identification des cas d\u2019utilisation<\/li>\n\n\n\n<li>Analyse des donn\u00e9es et solutions d\u2019intelligence d\u2019affaires<\/li>\n\n\n\n<li>Analyse pr\u00e9dictive et syst\u00e8mes d\u2019aide \u00e0 la d\u00e9cision<\/li>\n\n\n\n<li>Automatisation des processus \u00e0 l\u2019aide de flux de travail bas\u00e9s sur l\u2019IA<\/li>\n\n\n\n<li>Int\u00e9gration des solutions d\u2019IA aux syst\u00e8mes existants<\/li>\n\n\n\n<li>Optimisation continue et surveillance des performances<\/li>\n<\/ul>\n\n<p>Nous nous concentrons sur les solutions qui apportent rapidement de la valeur tout en restant \u00e9volutives et s\u00e9curis\u00e9es.<br\/><\/p>\n\n<div class=\"wp-block-uagb-advanced-heading uagb-block-822fe356\"><h2 class=\"uagb-heading-text\">Notre approche<\/h2><div class=\"uagb-separator\"><\/div><\/div>\n\n<div class=\"wp-block-uagb-advanced-heading uagb-block-dd254553\"><h3 class=\"uagb-heading-text\">Comprendre<\/h3><\/div>\n\n<p>Nous commen\u00e7ons par comprendre vos objectifs commerciaux, vos sources de donn\u00e9es et vos d\u00e9fis op\u00e9rationnels. Cela garantit que l\u2019IA est appliqu\u00e9e l\u00e0 o\u00f9 elle est vraiment pertinente. <\/p>\n\n<div class=\"wp-block-uagb-advanced-heading uagb-block-09d4ba39\"><h3 class=\"uagb-heading-text\">Concevoir et mettre en \u0153uvre<\/h3><\/div>\n\n<p>Nous concevons et mettons en \u0153uvre des solutions d\u2019IA qui s\u2019int\u00e8grent de mani\u00e8re transparente \u00e0 vos syst\u00e8mes, en mettant l\u2019accent sur la clart\u00e9, la fiabilit\u00e9 et la performance.<\/p>\n\n<div class=\"wp-block-uagb-advanced-heading uagb-block-0d9253bb\"><h3 class=\"uagb-heading-text\">Optimiser et mettre \u00e0 l\u2019\u00e9chelle<\/h3><\/div>\n\n<p>Apr\u00e8s le d\u00e9ploiement, nous affinons les mod\u00e8les, am\u00e9liorons les performances et aidons \u00e0 mettre \u00e0 l\u2019\u00e9chelle les solutions \u00e0 mesure que vos besoins \u00e9voluent.<\/p>\n\n<div class=\"wp-block-uagb-advanced-heading uagb-block-e7fe04fb\"><h2 class=\"uagb-heading-text\">\u00c0 qui s\u2019adresse ce service?<\/h2><div class=\"uagb-separator\"><\/div><\/div>\n\n<p>Ce service est id\u00e9al pour:<\/p>\n\n<ul class=\"wp-block-list\">\n<li>Les organisations qui cherchent \u00e0 exploiter les donn\u00e9es pour une meilleure prise de d\u00e9cision<\/li>\n\n\n\n<li>Les \u00e9quipes qui recherchent une adoption pratique de l\u2019IA sans complexit\u00e9 inutile<\/li>\n\n\n\n<li>Les entreprises qui souhaitent automatiser les processus r\u00e9p\u00e9titifs ou ax\u00e9s sur les donn\u00e9es<\/li>\n\n\n\n<li>Les entreprises qui souhaitent des solutions d\u2019IA qui s\u2019int\u00e8grent \u00e0 l\u2019infrastructure existante<\/li>\n<\/ul>\n\n<p>Si vous voulez une IA qui donne des r\u00e9sultats, et non des mots \u00e0 la mode, ce service est fait pour vous.<\/p>\n\n<div class=\"wp-block-uagb-advanced-heading uagb-block-dd44f909\"><h2 class=\"uagb-heading-text\">\u00c0 qui s\u2019adresse ce service?<\/h2><div class=\"uagb-separator\"><\/div><\/div>\n\n<ul class=\"wp-block-list\">\n<li>Des solutions d\u2019IA ax\u00e9es sur l\u2019ing\u00e9nierie et ax\u00e9es sur des r\u00e9sultats concrets<\/li>\n\n\n\n<li>Des mises en \u0153uvre d\u2019IA pratiques, explicables et maintenables<\/li>\n\n\n\n<li>Une forte int\u00e9gration avec les environnements cloud et r\u00e9seau<\/li>\n\n\n\n<li>Une communication claire et une ex\u00e9cution transparente<\/li>\n\n\n\n<li>Pas de battage m\u00e9diatique, juste des solutions qui fonctionnent<\/li>\n<\/ul>\n\n<p>Nous vous aidons \u00e0 appliquer l\u2019IA de mani\u00e8re responsable, efficace et durable.<\/p>\n\n<div class=\"wp-block-uagb-container uagb-block-65effa8e alignfull uagb-is-root-container\"><div class=\"uagb-container-inner-blocks-wrap\">\n<div class=\"wp-block-uagb-info-box uagb-block-091c583e uagb-infobox__content-wrap  uagb-infobox-icon-above-title uagb-infobox-image-valign-top\"><div class=\"uagb-ifb-content\"><div class=\"uagb-ifb-title-wrap\"><h2 class=\"uagb-ifb-title\">Pr\u00eat \u00e0 explorer l\u2019IA pour votre entreprise?<\/h2><\/div><p class=\"uagb-ifb-desc\">Que vous d\u00e9butiez avec l\u2019IA ou que vous cherchiez \u00e0 \u00e9tendre vos capacit\u00e9s existantes, AtlasOps peut vous aider \u00e0 aller de l\u2019avant en toute confiance.<\/p><div class=\"uagb-ifb-button-wrapper wp-block-button\"><a href=\"contact\/\" class=\"uagb-infobox-cta-link wp-block-button__link\" target=\"_self\" rel=\"noopener noreferrer\" onclick=\"return true;\"><span class=\"uagb-inline-editing\">Parlez \u00e0 un expert<\/span><\/a><\/div><\/div><\/div>\n\n\n\n<p class=\"has-white-color has-text-color has-link-color has-small-font-size wp-elements-584f25ded949816910ef0c0172adc633\"><em>Confidentiel. Aucune pression de vente. <\/em><\/p>\n<\/div><\/div>\n","protected":false},"excerpt":{"rendered":"<p>AtlasOps fournit des solutions pratiques d\u2019IA et d\u2019automatisation con\u00e7ues pour aider les organisations \u00e0 prendre de meilleures d\u00e9cisions, \u00e0 am\u00e9liorer [&hellip;]<\/p>\n","protected":false},"author":1,"featured_media":0,"parent":519,"menu_order":0,"comment_status":"closed","ping_status":"closed","template":"","meta":{"_surecart_dashboard_logo_width":"180px","_surecart_dashboard_show_logo":true,"_surecart_dashboard_navigation_orders":true,"_surecart_dashboard_navigation_invoices":true,"_surecart_dashboard_navigation_subscriptions":true,"_surecart_dashboard_navigation_downloads":true,"_surecart_dashboard_navigation_billing":true,"_surecart_dashboard_navigation_account":true,"_uag_custom_page_level_css":"","site-sidebar-layout":"default","site-content-layout":"","ast-site-content-layout":"default","site-content-style":"default","site-sidebar-style":"default","ast-global-header-display":"","ast-banner-title-visibility":"","ast-main-header-display":"","ast-hfb-above-header-display":"","ast-hfb-below-header-display":"","ast-hfb-mobile-header-display":"","site-post-title":"disabled","ast-breadcrumbs-content":"","ast-featured-img":"","footer-sml-layout":"","ast-disable-related-posts":"","theme-transparent-header-meta":"","adv-header-id-meta":"","stick-header-meta":"","header-above-stick-meta":"","header-main-stick-meta":"","header-below-stick-meta":"","astra-migrate-meta-layouts":"default","ast-page-background-enabled":"default","ast-page-background-meta":{"desktop":{"background-color":"var(--ast-global-color-4)","background-image":"","background-repeat":"repeat","background-position":"center center","background-size":"auto","background-attachment":"scroll","background-type":"","background-media":"","overlay-type":"","overlay-color":"","overlay-opacity":"","overlay-gradient":""},"tablet":{"background-color":"","background-image":"","background-repeat":"repeat","background-position":"center center","background-size":"auto","background-attachment":"scroll","background-type":"","background-media":"","overlay-type":"","overlay-color":"","overlay-opacity":"","overlay-gradient":""},"mobile":{"background-color":"","background-image":"","background-repeat":"repeat","background-position":"center center","background-size":"auto","background-attachment":"scroll","background-type":"","background-media":"","overlay-type":"","overlay-color":"","overlay-opacity":"","overlay-gradient":""}},"ast-content-background-meta":{"desktop":{"background-color":"var(--ast-global-color-5)","background-image":"","background-repeat":"repeat","background-position":"center center","background-size":"auto","background-attachment":"scroll","background-type":"","background-media":"","overlay-type":"","overlay-color":"","overlay-opacity":"","overlay-gradient":""},"tablet":{"background-color":"var(--ast-global-color-5)","background-image":"","background-repeat":"repeat","background-position":"center center","background-size":"auto","background-attachment":"scroll","background-type":"","background-media":"","overlay-type":"","overlay-color":"","overlay-opacity":"","overlay-gradient":""},"mobile":{"background-color":"var(--ast-global-color-5)","background-image":"","background-repeat":"repeat","background-position":"center center","background-size":"auto","background-attachment":"scroll","background-type":"","background-media":"","overlay-type":"","overlay-color":"","overlay-opacity":"","overlay-gradient":""}},"footnotes":""},"class_list":["post-516","page","type-page","status-publish","hentry"],"_hostinger_reach_plugin_has_subscription_block":false,"_hostinger_reach_plugin_is_elementor":false,"uagb_featured_image_src":{"full":false,"thumbnail":false,"medium":false,"medium_large":false,"large":false,"1536x1536":false,"2048x2048":false},"uagb_author_info":{"display_name":"barryaliu","author_link":"https:\/\/atlasopsintelligence.com\/fr\/author\/barryaliu\/"},"uagb_comment_info":0,"uagb_excerpt":"AtlasOps fournit des solutions pratiques d\u2019IA et d\u2019automatisation con\u00e7ues pour aider les organisations \u00e0 prendre de meilleures d\u00e9cisions, \u00e0 am\u00e9liorer [&hellip;]","_links":{"self":[{"href":"https:\/\/atlasopsintelligence.com\/fr\/wp-json\/wp\/v2\/pages\/516","targetHints":{"allow":["GET"]}}],"collection":[{"href":"https:\/\/atlasopsintelligence.com\/fr\/wp-json\/wp\/v2\/pages"}],"about":[{"href":"https:\/\/atlasopsintelligence.com\/fr\/wp-json\/wp\/v2\/types\/page"}],"author":[{"embeddable":true,"href":"https:\/\/atlasopsintelligence.com\/fr\/wp-json\/wp\/v2\/users\/1"}],"replies":[{"embeddable":true,"href":"https:\/\/atlasopsintelligence.com\/fr\/wp-json\/wp\/v2\/comments?post=516"}],"version-history":[{"count":2,"href":"https:\/\/atlasopsintelligence.com\/fr\/wp-json\/wp\/v2\/pages\/516\/revisions"}],"predecessor-version":[{"id":652,"href":"https:\/\/atlasopsintelligence.com\/fr\/wp-json\/wp\/v2\/pages\/516\/revisions\/652"}],"up":[{"embeddable":true,"href":"https:\/\/atlasopsintelligence.com\/fr\/wp-json\/wp\/v2\/pages\/519"}],"wp:attachment":[{"href":"https:\/\/atlasopsintelligence.com\/fr\/wp-json\/wp\/v2\/media?parent=516"}],"curies":[{"name":"wp","href":"https:\/\/api.w.org\/{rel}","templated":true}]}}