{"id":514,"date":"2025-12-29T09:21:03","date_gmt":"2025-12-29T14:21:03","guid":{"rendered":"https:\/\/atlasopsintelligence.com\/ingenierie-reseau-et-migration-vers-le-cloud\/"},"modified":"2026-02-01T22:24:24","modified_gmt":"2026-02-02T03:24:24","slug":"ingenierie-reseau-et-migration-vers-le-cloud","status":"publish","type":"page","link":"https:\/\/atlasopsintelligence.com\/fr\/ingenierie-reseau-et-migration-vers-le-cloud\/","title":{"rendered":"Ing\u00e9nierie r\u00e9seau et migration vers le cloud"},"content":{"rendered":"\n<div class=\"wp-block-uagb-container uagb-layout-grid uagb-block-52a5e7a5 alignfull uagb-is-root-container\"><div class=\"uagb-container-inner-blocks-wrap\">\n<div class=\"wp-block-uagb-info-box uagb-block-0c3037de uagb-infobox__content-wrap  uagb-infobox-icon-above-title uagb-infobox-image-valign-top\"><div class=\"uagb-ifb-content\"><div class=\"uagb-ifb-title-wrap\"><h1 class=\"uagb-ifb-title\">Network Engineering &amp; Cloud Migration Consulting<\/h1><\/div><div class=\"uagb-ifb-desc\">\n<p class=\"has-black-color has-text-color has-link-color has-medium-font-size wp-elements-2f771a9138ff6204b320a71022591462\">Environnements r\u00e9seau et cloud s\u00e9curis\u00e9s et \u00e9volutifs, con\u00e7us et migr\u00e9s par des ing\u00e9nieurs exp\u00e9riment\u00e9s.<\/p>\n\n\n\n<p class=\"has-black-color has-text-color has-link-color has-small-font-size wp-elements-7eff6e55ea682d899e18ec9054f8bc94\">Sans engagement. Consultation dirig\u00e9e par des ing\u00e9nieurs. <\/p>\n<\/div><div class=\"uagb-ifb-button-wrapper wp-block-button\"><a href=\"contact\/\" class=\"uagb-infobox-cta-link ast-outline-button\" target=\"_self\" rel=\"noopener noreferrer\" style=\"border-width:revert-layer\" onclick=\"return true;\"><span class=\"uagb-inline-editing\">Parlez \u00e0 un expert<\/span><\/a><\/div><\/div><\/div>\n\n\n\n<div class=\"wp-block-uagb-advanced-heading uagb-block-0a094371\"><p class=\"uagb-desc-text\">AtlasOps aide les organisations \u00e0 concevoir, migrer et exploiter des infrastructures r\u00e9seau et cloud fiables. Nous sommes sp\u00e9cialis\u00e9s dans les environnements hybrides et ax\u00e9s sur le cloud, garantissant la performance, la s\u00e9curit\u00e9 et la continuit\u00e9 des activit\u00e9s \u00e0 chaque \u00e9tape. <\/p><\/div>\n<\/div><\/div>\n\n<div class=\"wp-block-uagb-image uagb-block-41997195 wp-block-uagb-image--layout-default wp-block-uagb-image--effect-static wp-block-uagb-image--align-none uag-blocks-common-selector\" style=\"--z-index-desktop:1;;--z-index-tablet:undefined;;--z-index-mobile:undefined;\"><figure class=\"wp-block-uagb-image__figure\"><img decoding=\"async\" srcset=\"https:\/\/atlasopsintelligence.com\/wp-content\/uploads\/2025\/12\/Network-operations-hybrid-cloud-infrastructure-edited-1024x683.png ,https:\/\/atlasopsintelligence.com\/wp-content\/uploads\/2025\/12\/Network-operations-hybrid-cloud-infrastructure-edited.png 780w, https:\/\/atlasopsintelligence.com\/wp-content\/uploads\/2025\/12\/Network-operations-hybrid-cloud-infrastructure-edited.png 360w\" sizes=\"auto, (max-width: 480px) 150px\" src=\"https:\/\/atlasopsintelligence.com\/wp-content\/uploads\/2025\/12\/Network-operations-hybrid-cloud-infrastructure-edited-1024x683.png\" alt=\"Enterprise network operations and hybrid cloud infrastructure monitored by AtlasOps engineers\" class=\"uag-image-437\" width=\"1200\" height=\"500\" title=\"Op\u00e9rations r\u00e9seau et infrastructure cloud hybride\" loading=\"lazy\" role=\"img\"><\/figure><\/div>\n\n<div class=\"wp-block-uagb-advanced-heading uagb-block-c1430afc\"><h2 class=\"uagb-heading-text\">Ce que nous faisons<\/h2><div class=\"uagb-separator\"><\/div><\/div>\n\n<p>Nous fournissons des services d&rsquo;ing\u00e9nierie r\u00e9seau et de migration vers le cloud de bout en bout, comprenant la conception de l&rsquo;architecture, la connectivit\u00e9 s\u00e9curis\u00e9e et le support op\u00e9rationnel. Notre approche est pratique, consciente des risques et align\u00e9e sur les besoins r\u00e9els de l&rsquo;entreprise, et non sur le battage m\u00e9diatique des fournisseurs. <\/p>\n\n<div class=\"wp-block-uagb-advanced-heading uagb-block-183b9899\"><h2 class=\"uagb-heading-text\">Nos comp\u00e9tences<\/h2><\/div>\n\n<ul class=\"wp-block-list\">\n<li>Conception et optimisation de l&rsquo;architecture r\u00e9seau<\/li>\n\n\n\n<li>Connectivit\u00e9 cloud hybride (sur site \u2194 cloud)<\/li>\n\n\n\n<li>Planification et ex\u00e9cution de la migration vers le cloud<\/li>\n\n\n\n<li>Acc\u00e8s s\u00e9curis\u00e9, routage et segmentation<\/li>\n\n\n\n<li>Conception de la performance, de la fiabilit\u00e9 et de la disponibilit\u00e9<\/li>\n\n\n\n<li>Support et optimisation post-migration<\/li>\n<\/ul>\n\n<div class=\"wp-block-uagb-advanced-heading uagb-block-822fe356\"><h2 class=\"uagb-heading-text\">Notre approche<\/h2><\/div>\n\n<div class=\"wp-block-uagb-advanced-heading uagb-block-dd254553\"><h3 class=\"uagb-heading-text\">\u00c9valuer<\/h3><\/div>\n\n<p>Nous \u00e9valuons votre r\u00e9seau et votre infrastructure existants afin de comprendre les risques, les d\u00e9pendances et les exigences de performance.<\/p>\n\n<div class=\"wp-block-uagb-advanced-heading uagb-block-ddefa1ff\"><h3 class=\"uagb-heading-text\">Conception et migration<\/h3><\/div>\n\n<p>Nous concevons une architecture cible s\u00e9curis\u00e9e et ex\u00e9cutons la migration avec une perturbation minimale de vos op\u00e9rations.<\/p>\n\n<div class=\"wp-block-uagb-advanced-heading uagb-block-05a30ce2\"><h3 class=\"uagb-heading-text\">Exploitation et am\u00e9lioration<\/h3><\/div>\n\n<p>Apr\u00e8s la migration, nous assurons le support, l&rsquo;optimisation et l&rsquo;am\u00e9lioration continue de votre environnement en fonction de l&rsquo;\u00e9volution des besoins.<\/p>\n\n<div class=\"wp-block-uagb-advanced-heading uagb-block-fcdeffdc\"><h2 class=\"uagb-heading-text\">\u00c0 qui s\u2019adresse ce service<\/h2><\/div>\n\n<ul class=\"wp-block-list\">\n<li>Organisations planifiant une migration vers le cloud ou une migration hybride<\/li>\n\n\n\n<li>Entreprises dot\u00e9es de r\u00e9seaux complexes ou h\u00e9rit\u00e9s<\/li>\n\n\n\n<li>\u00c9quipes ayant besoin d&rsquo;une infrastructure s\u00e9curis\u00e9e et \u00e9volutive<\/li>\n\n\n\n<li>Entreprises recherchant un conseil ax\u00e9 sur l&rsquo;ing\u00e9nierie (et non sur les ventes)<\/li>\n<\/ul>\n\n<div class=\"wp-block-uagb-advanced-heading uagb-block-ba220b61\"><h2 class=\"uagb-heading-text\">Pourquoi AtlasOps<\/h2><\/div>\n\n<ul class=\"wp-block-list\">\n<li>Conseil ax\u00e9 sur l&rsquo;ing\u00e9nierie (sans pression de vente)<\/li>\n\n\n\n<li>Exp\u00e9rience concr\u00e8te en mati\u00e8re de r\u00e9seau et de cloud<\/li>\n\n\n\n<li>La s\u00e9curit\u00e9 et la fiabilit\u00e9 d&rsquo;abord<\/li>\n\n\n\n<li>Communication claire et ex\u00e9cution pratique<\/li>\n<\/ul>\n\n<div class=\"wp-block-uagb-container uagb-block-65effa8e alignfull uagb-is-root-container\"><div class=\"uagb-container-inner-blocks-wrap\">\n<div class=\"wp-block-uagb-info-box uagb-block-091c583e uagb-infobox__content-wrap  uagb-infobox-icon-above-title uagb-infobox-image-valign-top\"><div class=\"uagb-ifb-content\"><div class=\"uagb-ifb-title-wrap\"><h2 class=\"uagb-ifb-title\">Pr\u00eat \u00e0 discuter de votre infrastructure ?<\/h2><\/div><p class=\"uagb-ifb-desc\">Parlons de vos objectifs de migration r\u00e9seau ou cloud et d\u00e9terminons la voie \u00e0 suivre.<\/p><div class=\"uagb-ifb-button-wrapper wp-block-button\"><a href=\"contact\/\" class=\"uagb-infobox-cta-link wp-block-button__link\" target=\"_self\" rel=\"noopener noreferrer\" onclick=\"return true;\"><span class=\"uagb-inline-editing\">Parlez \u00e0 un expert<\/span><\/a><\/div><\/div><\/div>\n\n\n\n<p class=\"has-white-color has-text-color has-link-color has-small-font-size wp-elements-584f25ded949816910ef0c0172adc633\"><em>Confidentiel. Aucune pression de vente. <\/em><\/p>\n<\/div><\/div>\n\n<div class=\"wp-block-buttons is-layout-flex wp-block-buttons-is-layout-flex\"><\/div>\n","protected":false},"excerpt":{"rendered":"<p>AtlasOps aide les organisations \u00e0 concevoir, migrer et exploiter des infrastructures r\u00e9seau et cloud fiables. Nous sommes sp\u00e9cialis\u00e9s dans les [&hellip;]<\/p>\n","protected":false},"author":1,"featured_media":0,"parent":0,"menu_order":0,"comment_status":"closed","ping_status":"closed","template":"","meta":{"_surecart_dashboard_logo_width":"180px","_surecart_dashboard_show_logo":true,"_surecart_dashboard_navigation_orders":true,"_surecart_dashboard_navigation_invoices":true,"_surecart_dashboard_navigation_subscriptions":true,"_surecart_dashboard_navigation_downloads":true,"_surecart_dashboard_navigation_billing":true,"_surecart_dashboard_navigation_account":true,"_uag_custom_page_level_css":"","site-sidebar-layout":"default","site-content-layout":"","ast-site-content-layout":"default","site-content-style":"default","site-sidebar-style":"default","ast-global-header-display":"","ast-banner-title-visibility":"","ast-main-header-display":"","ast-hfb-above-header-display":"","ast-hfb-below-header-display":"","ast-hfb-mobile-header-display":"","site-post-title":"disabled","ast-breadcrumbs-content":"","ast-featured-img":"","footer-sml-layout":"","ast-disable-related-posts":"","theme-transparent-header-meta":"","adv-header-id-meta":"","stick-header-meta":"","header-above-stick-meta":"","header-main-stick-meta":"","header-below-stick-meta":"","astra-migrate-meta-layouts":"default","ast-page-background-enabled":"default","ast-page-background-meta":{"desktop":{"background-color":"var(--ast-global-color-4)","background-image":"","background-repeat":"repeat","background-position":"center center","background-size":"auto","background-attachment":"scroll","background-type":"","background-media":"","overlay-type":"","overlay-color":"","overlay-opacity":"","overlay-gradient":""},"tablet":{"background-color":"","background-image":"","background-repeat":"repeat","background-position":"center center","background-size":"auto","background-attachment":"scroll","background-type":"","background-media":"","overlay-type":"","overlay-color":"","overlay-opacity":"","overlay-gradient":""},"mobile":{"background-color":"","background-image":"","background-repeat":"repeat","background-position":"center center","background-size":"auto","background-attachment":"scroll","background-type":"","background-media":"","overlay-type":"","overlay-color":"","overlay-opacity":"","overlay-gradient":""}},"ast-content-background-meta":{"desktop":{"background-color":"var(--ast-global-color-5)","background-image":"","background-repeat":"repeat","background-position":"center center","background-size":"auto","background-attachment":"scroll","background-type":"","background-media":"","overlay-type":"","overlay-color":"","overlay-opacity":"","overlay-gradient":""},"tablet":{"background-color":"var(--ast-global-color-5)","background-image":"","background-repeat":"repeat","background-position":"center center","background-size":"auto","background-attachment":"scroll","background-type":"","background-media":"","overlay-type":"","overlay-color":"","overlay-opacity":"","overlay-gradient":""},"mobile":{"background-color":"var(--ast-global-color-5)","background-image":"","background-repeat":"repeat","background-position":"center center","background-size":"auto","background-attachment":"scroll","background-type":"","background-media":"","overlay-type":"","overlay-color":"","overlay-opacity":"","overlay-gradient":""}},"footnotes":""},"class_list":["post-514","page","type-page","status-publish","hentry"],"_hostinger_reach_plugin_has_subscription_block":false,"_hostinger_reach_plugin_is_elementor":false,"uagb_featured_image_src":{"full":false,"thumbnail":false,"medium":false,"medium_large":false,"large":false,"1536x1536":false,"2048x2048":false},"uagb_author_info":{"display_name":"barryaliu","author_link":"https:\/\/atlasopsintelligence.com\/fr\/author\/barryaliu\/"},"uagb_comment_info":0,"uagb_excerpt":"AtlasOps aide les organisations \u00e0 concevoir, migrer et exploiter des infrastructures r\u00e9seau et cloud fiables. Nous sommes sp\u00e9cialis\u00e9s dans les [&hellip;]","_links":{"self":[{"href":"https:\/\/atlasopsintelligence.com\/fr\/wp-json\/wp\/v2\/pages\/514","targetHints":{"allow":["GET"]}}],"collection":[{"href":"https:\/\/atlasopsintelligence.com\/fr\/wp-json\/wp\/v2\/pages"}],"about":[{"href":"https:\/\/atlasopsintelligence.com\/fr\/wp-json\/wp\/v2\/types\/page"}],"author":[{"embeddable":true,"href":"https:\/\/atlasopsintelligence.com\/fr\/wp-json\/wp\/v2\/users\/1"}],"replies":[{"embeddable":true,"href":"https:\/\/atlasopsintelligence.com\/fr\/wp-json\/wp\/v2\/comments?post=514"}],"version-history":[{"count":2,"href":"https:\/\/atlasopsintelligence.com\/fr\/wp-json\/wp\/v2\/pages\/514\/revisions"}],"predecessor-version":[{"id":654,"href":"https:\/\/atlasopsintelligence.com\/fr\/wp-json\/wp\/v2\/pages\/514\/revisions\/654"}],"wp:attachment":[{"href":"https:\/\/atlasopsintelligence.com\/fr\/wp-json\/wp\/v2\/media?parent=514"}],"curies":[{"name":"wp","href":"https:\/\/api.w.org\/{rel}","templated":true}]}}