{"id":511,"date":"2025-12-29T21:44:31","date_gmt":"2025-12-30T02:44:31","guid":{"rendered":"https:\/\/atlasopsintelligence.com\/services-dinnovation-numerique\/"},"modified":"2026-02-01T22:23:49","modified_gmt":"2026-02-02T03:23:49","slug":"services-dinnovation-numerique","status":"publish","type":"page","link":"https:\/\/atlasopsintelligence.com\/fr\/services-dinnovation-numerique\/","title":{"rendered":"SERVICES D\u2019INNOVATION NUM\u00c9RIQUE"},"content":{"rendered":"\n<div class=\"wp-block-uagb-container uagb-layout-grid uagb-block-52a5e7a5 alignfull uagb-is-root-container\"><div class=\"uagb-container-inner-blocks-wrap\">\n<div class=\"wp-block-uagb-info-box uagb-block-0c3037de uagb-infobox__content-wrap  uagb-infobox-icon-above-title uagb-infobox-image-valign-top\"><div class=\"uagb-ifb-content\"><div class=\"uagb-ifb-title-wrap\"><h1 class=\"uagb-ifb-title\">Digital Innovation &amp; Modernization Services<\/h1><\/div><div class=\"uagb-ifb-desc\">\n<p class=\"has-black-color has-text-color has-link-color has-medium-font-size wp-elements-d7ec3493b23ede7c4db2d13b9baf4b48\">Modernisation ax\u00e9e sur l\u2019ing\u00e9nierie qui am\u00e9liore les flux de travail, les syst\u00e8mes et l\u2019efficacit\u00e9 op\u00e9rationnelle.<\/p>\n\n\n\n<p class=\"has-black-color has-text-color has-link-color has-small-font-size wp-elements-7eff6e55ea682d899e18ec9054f8bc94\">Sans engagement. Consultation dirig\u00e9e par des ing\u00e9nieurs. <\/p>\n<\/div><div class=\"uagb-ifb-button-wrapper wp-block-button\"><a href=\"contact\/\" class=\"uagb-infobox-cta-link ast-outline-button\" target=\"_self\" rel=\"noopener noreferrer\" style=\"border-width:revert-layer\" onclick=\"return true;\"><span class=\"uagb-inline-editing\">Parlez \u00e0 un expert<\/span><\/a><\/div><\/div><\/div>\n\n\n\n<div class=\"wp-block-uagb-advanced-heading uagb-block-0a094371\"><p class=\"uagb-desc-text\">AtlasOps aide les organisations \u00e0 moderniser les syst\u00e8mes existants, \u00e0 rationaliser les flux de travail et \u00e0 adopter des pratiques num\u00e9riques qui favorisent l\u2019efficacit\u00e9, l\u2019\u00e9volutivit\u00e9 et la croissance \u00e0 long terme. Nos services d\u2019innovation num\u00e9rique sont ax\u00e9s sur la transformation pratique, et non sur la perturbation pour le simple fait de perturber. <\/p><\/div>\n<\/div><\/div>\n\n<div class=\"wp-block-uagb-image uagb-block-41997195 wp-block-uagb-image--layout-default wp-block-uagb-image--effect-static wp-block-uagb-image--align-none uag-blocks-common-selector\" style=\"--z-index-desktop:1;;--z-index-tablet:undefined;;--z-index-mobile:undefined;\"><figure class=\"wp-block-uagb-image__figure\"><img decoding=\"async\" srcset=\"https:\/\/atlasopsintelligence.com\/wp-content\/uploads\/2025\/12\/digital-innovation-modernization-consulting-atlasops-1024x683.png ,https:\/\/atlasopsintelligence.com\/wp-content\/uploads\/2025\/12\/digital-innovation-modernization-consulting-atlasops.png 780w, https:\/\/atlasopsintelligence.com\/wp-content\/uploads\/2025\/12\/digital-innovation-modernization-consulting-atlasops.png 360w\" sizes=\"auto, (max-width: 480px) 150px\" src=\"https:\/\/atlasopsintelligence.com\/wp-content\/uploads\/2025\/12\/digital-innovation-modernization-consulting-atlasops-1024x683.png\" alt=\"Conseil en innovation num\u00e9rique et modernisation fourni par les ing\u00e9nieurs d\u2019AtlasOps\" class=\"uag-image-485\" width=\"1200\" height=\"500\" title=\"Conseil en innovation num\u00e9rique et modernisation\" loading=\"lazy\" role=\"img\"><\/figure><\/div>\n\n<div class=\"wp-block-uagb-advanced-heading uagb-block-c1430afc\"><h2 class=\"uagb-heading-text\">Ce que nous faisons<\/h2><div class=\"uagb-separator\"><\/div><\/div>\n\n<p>Nous fournissons des services d\u2019innovation num\u00e9rique qui aident les organisations \u00e0 faire \u00e9voluer leur fa\u00e7on de fonctionner et d\u2019utiliser la technologie. Notre travail est ax\u00e9 sur la modernisation des syst\u00e8mes, l\u2019am\u00e9lioration des flux de travail et l\u2019introduction de l\u2019automatisation l\u00e0 o\u00f9 elle cr\u00e9e une valeur r\u00e9elle et mesurable. <\/p>\n\n<p>AtlasOps comble le foss\u00e9 entre les environnements existants et les capacit\u00e9s num\u00e9riques modernes gr\u00e2ce \u00e0 une ing\u00e9nierie rigoureuse, une ex\u00e9cution claire et une solide compr\u00e9hension des r\u00e9alit\u00e9s op\u00e9rationnelles.<\/p>\n\n<div class=\"wp-block-uagb-advanced-heading uagb-block-183b9899\"><h2 class=\"uagb-heading-text\">Nos capacit\u00e9s d\u2019innovation num\u00e9rique<\/h2><div class=\"uagb-separator\"><\/div><\/div>\n\n<p>Nos services d\u2019innovation num\u00e9rique et de modernisation comprennent\u00a0:<\/p>\n\n<ul class=\"wp-block-list\">\n<li>Modernisation et optimisation des syst\u00e8mes existants<\/li>\n\n\n\n<li>Analyse des flux de travail et am\u00e9lioration des processus<\/li>\n\n\n\n<li>Automatisation des processus op\u00e9rationnels et informatiques<\/li>\n\n\n\n<li>Int\u00e9gration d\u2019outils et de plateformes modernes<\/li>\n\n\n\n<li>Modernisation des applications et de l\u2019infrastructure<\/li>\n\n\n\n<li>Am\u00e9lioration de la fiabilit\u00e9, de la performance et de l\u2019\u00e9volutivit\u00e9<\/li>\n<\/ul>\n\n<p>Chaque engagement est adapt\u00e9 \u00e0 vos syst\u00e8mes existants, \u00e0 vos contraintes et \u00e0 vos priorit\u00e9s commerciales.<\/p>\n\n<div class=\"wp-block-uagb-advanced-heading uagb-block-822fe356\"><h2 class=\"uagb-heading-text\">Notre approche<\/h2><div class=\"uagb-separator\"><\/div><\/div>\n\n<div class=\"wp-block-uagb-advanced-heading uagb-block-dd254553\"><h3 class=\"uagb-heading-text\">\u00c9valuer<\/h3><\/div>\n\n<p>Nous commen\u00e7ons par \u00e9valuer les syst\u00e8mes, les flux de travail et les d\u00e9fis op\u00e9rationnels existants afin de cerner les possibilit\u00e9s d\u2019am\u00e9lioration significative.<\/p>\n\n<div class=\"wp-block-uagb-advanced-heading uagb-block-290112a6\"><h3 class=\"uagb-heading-text\">Moderniser<\/h3><\/div>\n\n<p>Nous modernisons les syst\u00e8mes et les processus \u00e0 l\u2019aide de technologies \u00e9prouv\u00e9es et de pratiques exemplaires, en mettant l\u2019accent sur la fiabilit\u00e9, l\u2019efficacit\u00e9 et la maintenabilit\u00e9.<\/p>\n\n<div class=\"wp-block-uagb-advanced-heading uagb-block-b0f1e778\"><h3 class=\"uagb-heading-text\">Optimiser et faire \u00e9voluer<\/h3><\/div>\n\n<p>Apr\u00e8s la mise en \u0153uvre, nous affinons et optimisons les solutions \u00e0 mesure que les besoins de l\u2019entreprise \u00e9voluent, assurant ainsi une valeur et une adaptabilit\u00e9 \u00e0 long terme.<\/p>\n\n<div class=\"wp-block-uagb-advanced-heading uagb-block-a0b1abec\"><h2 class=\"uagb-heading-text\">\u00c0 qui s\u2019adresse ce service<\/h2><div class=\"uagb-separator\"><\/div><\/div>\n\n<p>Ce service est con\u00e7u pour\u00a0:<\/p>\n\n<ul class=\"wp-block-list\">\n<li>Les organisations qui modernisent les syst\u00e8mes existants<\/li>\n\n\n\n<li>Les \u00e9quipes qui recherchent l\u2019efficacit\u00e9 op\u00e9rationnelle et l\u2019automatisation<\/li>\n\n\n\n<li>Les entreprises qui am\u00e9liorent la fiabilit\u00e9 et l\u2019\u00e9volutivit\u00e9 des syst\u00e8mes<\/li>\n\n\n\n<li>Les entreprises qui adoptent progressivement les pratiques num\u00e9riques<\/li>\n\n\n\n<li>Les organisations \u00e0 la recherche d\u2019une innovation pratique ax\u00e9e sur l\u2019ing\u00e9nierie<\/li>\n<\/ul>\n\n<p>Si la modernisation doit fonctionner dans le monde r\u00e9el, ce service est fait pour vous.<\/p>\n\n<div class=\"wp-block-uagb-advanced-heading uagb-block-5d555984\"><h2 class=\"uagb-heading-text\">Pourquoi AtlasOps<\/h2><div class=\"uagb-separator\"><\/div><\/div>\n\n<ul class=\"wp-block-list\">\n<li>Modernisation num\u00e9rique ax\u00e9e sur l\u2019ing\u00e9nierie<\/li>\n\n\n\n<li>Innovation pratique ax\u00e9e sur les r\u00e9sultats<\/li>\n\n\n\n<li>Exp\u00e9rience avec des syst\u00e8mes complexes du monde r\u00e9el<\/li>\n\n\n\n<li>Communication claire et ex\u00e9cution rigoureuse<\/li>\n\n\n\n<li>Pas de battage m\u00e9diatique, seulement des solutions qui fonctionnent<\/li>\n<\/ul>\n\n<p>Nous nous concentrons sur la r\u00e9alisation d\u2019am\u00e9liorations durables, et non sur des transformations \u00e0 court terme.<\/p>\n\n<div class=\"wp-block-uagb-container uagb-block-65effa8e alignfull uagb-is-root-container\"><div class=\"uagb-container-inner-blocks-wrap\">\n<div class=\"wp-block-uagb-info-box uagb-block-091c583e uagb-infobox__content-wrap  uagb-infobox-icon-above-title uagb-infobox-image-valign-top\"><div class=\"uagb-ifb-content\"><div class=\"uagb-ifb-title-wrap\"><h2 class=\"uagb-ifb-title\">Pr\u00eat \u00e0 moderniser vos syst\u00e8mes?<\/h2><\/div><p class=\"uagb-ifb-desc\">Que vous am\u00e9lioriez les flux de travail, modernisiez les plateformes existantes ou introduisiez l\u2019automatisation, AtlasOps peut vous aider \u00e0 aller de l\u2019avant en toute confiance.<\/p><div class=\"uagb-ifb-button-wrapper wp-block-button\"><a href=\"contact\/\" class=\"uagb-infobox-cta-link wp-block-button__link\" target=\"_self\" rel=\"noopener noreferrer\" onclick=\"return true;\"><span class=\"uagb-inline-editing\">Parlez \u00e0 un expert<\/span><\/a><\/div><\/div><\/div>\n\n\n\n<p class=\"has-white-color has-text-color has-link-color has-small-font-size wp-elements-584f25ded949816910ef0c0172adc633\"><em>Confidentiel. Aucune pression de vente. <\/em><\/p>\n<\/div><\/div>\n","protected":false},"excerpt":{"rendered":"<p>AtlasOps aide les organisations \u00e0 moderniser les syst\u00e8mes existants, \u00e0 rationaliser les flux de travail et \u00e0 adopter des pratiques [&hellip;]<\/p>\n","protected":false},"author":1,"featured_media":0,"parent":0,"menu_order":0,"comment_status":"closed","ping_status":"closed","template":"","meta":{"_surecart_dashboard_logo_width":"180px","_surecart_dashboard_show_logo":true,"_surecart_dashboard_navigation_orders":true,"_surecart_dashboard_navigation_invoices":true,"_surecart_dashboard_navigation_subscriptions":true,"_surecart_dashboard_navigation_downloads":true,"_surecart_dashboard_navigation_billing":true,"_surecart_dashboard_navigation_account":true,"_uag_custom_page_level_css":"","site-sidebar-layout":"default","site-content-layout":"","ast-site-content-layout":"default","site-content-style":"default","site-sidebar-style":"default","ast-global-header-display":"","ast-banner-title-visibility":"","ast-main-header-display":"","ast-hfb-above-header-display":"","ast-hfb-below-header-display":"","ast-hfb-mobile-header-display":"","site-post-title":"disabled","ast-breadcrumbs-content":"","ast-featured-img":"","footer-sml-layout":"","ast-disable-related-posts":"","theme-transparent-header-meta":"","adv-header-id-meta":"","stick-header-meta":"","header-above-stick-meta":"","header-main-stick-meta":"","header-below-stick-meta":"","astra-migrate-meta-layouts":"default","ast-page-background-enabled":"default","ast-page-background-meta":{"desktop":{"background-color":"var(--ast-global-color-4)","background-image":"","background-repeat":"repeat","background-position":"center center","background-size":"auto","background-attachment":"scroll","background-type":"","background-media":"","overlay-type":"","overlay-color":"","overlay-opacity":"","overlay-gradient":""},"tablet":{"background-color":"","background-image":"","background-repeat":"repeat","background-position":"center center","background-size":"auto","background-attachment":"scroll","background-type":"","background-media":"","overlay-type":"","overlay-color":"","overlay-opacity":"","overlay-gradient":""},"mobile":{"background-color":"","background-image":"","background-repeat":"repeat","background-position":"center center","background-size":"auto","background-attachment":"scroll","background-type":"","background-media":"","overlay-type":"","overlay-color":"","overlay-opacity":"","overlay-gradient":""}},"ast-content-background-meta":{"desktop":{"background-color":"var(--ast-global-color-5)","background-image":"","background-repeat":"repeat","background-position":"center center","background-size":"auto","background-attachment":"scroll","background-type":"","background-media":"","overlay-type":"","overlay-color":"","overlay-opacity":"","overlay-gradient":""},"tablet":{"background-color":"var(--ast-global-color-5)","background-image":"","background-repeat":"repeat","background-position":"center center","background-size":"auto","background-attachment":"scroll","background-type":"","background-media":"","overlay-type":"","overlay-color":"","overlay-opacity":"","overlay-gradient":""},"mobile":{"background-color":"var(--ast-global-color-5)","background-image":"","background-repeat":"repeat","background-position":"center center","background-size":"auto","background-attachment":"scroll","background-type":"","background-media":"","overlay-type":"","overlay-color":"","overlay-opacity":"","overlay-gradient":""}},"footnotes":""},"class_list":["post-511","page","type-page","status-publish","hentry"],"_hostinger_reach_plugin_has_subscription_block":false,"_hostinger_reach_plugin_is_elementor":false,"uagb_featured_image_src":{"full":false,"thumbnail":false,"medium":false,"medium_large":false,"large":false,"1536x1536":false,"2048x2048":false},"uagb_author_info":{"display_name":"barryaliu","author_link":"https:\/\/atlasopsintelligence.com\/fr\/author\/barryaliu\/"},"uagb_comment_info":0,"uagb_excerpt":"AtlasOps aide les organisations \u00e0 moderniser les syst\u00e8mes existants, \u00e0 rationaliser les flux de travail et \u00e0 adopter des pratiques [&hellip;]","_links":{"self":[{"href":"https:\/\/atlasopsintelligence.com\/fr\/wp-json\/wp\/v2\/pages\/511","targetHints":{"allow":["GET"]}}],"collection":[{"href":"https:\/\/atlasopsintelligence.com\/fr\/wp-json\/wp\/v2\/pages"}],"about":[{"href":"https:\/\/atlasopsintelligence.com\/fr\/wp-json\/wp\/v2\/types\/page"}],"author":[{"embeddable":true,"href":"https:\/\/atlasopsintelligence.com\/fr\/wp-json\/wp\/v2\/users\/1"}],"replies":[{"embeddable":true,"href":"https:\/\/atlasopsintelligence.com\/fr\/wp-json\/wp\/v2\/comments?post=511"}],"version-history":[{"count":5,"href":"https:\/\/atlasopsintelligence.com\/fr\/wp-json\/wp\/v2\/pages\/511\/revisions"}],"predecessor-version":[{"id":659,"href":"https:\/\/atlasopsintelligence.com\/fr\/wp-json\/wp\/v2\/pages\/511\/revisions\/659"}],"wp:attachment":[{"href":"https:\/\/atlasopsintelligence.com\/fr\/wp-json\/wp\/v2\/media?parent=511"}],"curies":[{"name":"wp","href":"https:\/\/api.w.org\/{rel}","templated":true}]}}