{"id":508,"date":"2025-12-29T15:22:59","date_gmt":"2025-12-29T20:22:59","guid":{"rendered":"https:\/\/atlasopsintelligence.com\/migration-vers-le-cloud-et-services-azure\/"},"modified":"2026-01-11T16:46:43","modified_gmt":"2026-01-11T21:46:43","slug":"migration-vers-le-cloud-et-services-azure","status":"publish","type":"page","link":"https:\/\/atlasopsintelligence.com\/fr\/migration-vers-le-cloud-et-services-azure\/","title":{"rendered":"MIGRATION VERS LE CLOUD ET SERVICES AZURE"},"content":{"rendered":"\n<div class=\"wp-block-uagb-container uagb-layout-grid uagb-block-52a5e7a5 alignfull uagb-is-root-container\"><div class=\"uagb-container-inner-blocks-wrap\">\n<div class=\"wp-block-uagb-info-box uagb-block-0c3037de uagb-infobox__content-wrap  uagb-infobox-icon-above-title uagb-infobox-image-valign-top\"><div class=\"uagb-ifb-content\"><div class=\"uagb-ifb-title-wrap\"><h1 class=\"uagb-ifb-title\">Cloud Migration &amp; Azure Consulting Services<\/h1><\/div><div class=\"uagb-ifb-desc\">\n<p class=\"has-black-color has-text-color has-link-color has-medium-font-size wp-elements-934e566d005be371d3a720cd982d7922\">Environnements Microsoft Azure s\u00e9curis\u00e9s et \u00e9volutifs, con\u00e7us, migr\u00e9s et optimis\u00e9s par des ing\u00e9nieurs exp\u00e9riment\u00e9s.<\/p>\n\n\n\n<p class=\"has-black-color has-text-color has-link-color has-small-font-size wp-elements-7eff6e55ea682d899e18ec9054f8bc94\">Sans engagement. Consultation dirig\u00e9e par des ing\u00e9nieurs. <\/p>\n<\/div><div class=\"uagb-ifb-button-wrapper wp-block-button\"><a href=\"contact\/\" class=\"uagb-infobox-cta-link ast-outline-button\" target=\"_self\" rel=\"noopener noreferrer\" style=\"border-width:revert-layer\" onclick=\"return true;\"><span class=\"uagb-inline-editing\">Parlez \u00e0 un expert<\/span><\/a><\/div><\/div><\/div>\n\n\n\n<div class=\"wp-block-uagb-advanced-heading uagb-block-0a094371\"><p class=\"uagb-desc-text\">AtlasOps aide les organisations \u00e0 migrer, moderniser et exploiter des charges de travail sur Microsoft Azure en mettant l\u2019accent sur la s\u00e9curit\u00e9, la fiabilit\u00e9 et la rentabilit\u00e9. Nous prenons en charge les strat\u00e9gies cloud-first et hybrides adapt\u00e9es aux besoins r\u00e9els de l\u2019entreprise. <\/p><\/div>\n<\/div><\/div>\n\n<div class=\"wp-block-uagb-image uagb-block-41997195 wp-block-uagb-image--layout-default wp-block-uagb-image--effect-static wp-block-uagb-image--align-none uag-blocks-common-selector\" style=\"--z-index-desktop:1;;--z-index-tablet:undefined;;--z-index-mobile:undefined;\"><figure class=\"wp-block-uagb-image__figure\"><img decoding=\"async\" srcset=\"https:\/\/atlasopsintelligence.com\/wp-content\/uploads\/2025\/12\/azure-cloud-migration-consulting-services-atlasops-1024x683.png ,https:\/\/atlasopsintelligence.com\/wp-content\/uploads\/2025\/12\/azure-cloud-migration-consulting-services-atlasops.png 780w, https:\/\/atlasopsintelligence.com\/wp-content\/uploads\/2025\/12\/azure-cloud-migration-consulting-services-atlasops.png 360w\" sizes=\"auto, (max-width: 480px) 150px\" src=\"https:\/\/atlasopsintelligence.com\/wp-content\/uploads\/2025\/12\/azure-cloud-migration-consulting-services-atlasops-1024x683.png\" alt=\"Services de conseil en infrastructure et de migration vers le cloud Azure fournis par les ing\u00e9nieurs d\u2019AtlasOps\" class=\"uag-image-474\" width=\"1200\" height=\"500\" title=\"Services de conseil Azure et de migration vers le cloud\" loading=\"lazy\" role=\"img\"><\/figure><\/div>\n\n<div class=\"wp-block-uagb-advanced-heading uagb-block-c1430afc\"><h2 class=\"uagb-heading-text\">Ce que nous faisons<\/h2><div class=\"uagb-separator\"><\/div><\/div>\n\n<p>Nous fournissons des services de conseil Azure et de migration vers le cloud de bout en bout, en accompagnant les organisations \u00e0 chaque \u00e9tape de leur parcours cloud. De la strat\u00e9gie et de l\u2019architecture \u00e0 la migration et \u00e0 l\u2019optimisation continue, AtlasOps fournit des solutions Azure pratiques con\u00e7ues pour un succ\u00e8s \u00e0 long terme. <\/p>\n\n<div class=\"wp-block-uagb-advanced-heading uagb-block-183b9899\"><h2 class=\"uagb-heading-text\">Nos capacit\u00e9s cloud et Azure<\/h2><div class=\"uagb-separator\"><\/div><\/div>\n\n<ul class=\"wp-block-list\">\n<li>Strat\u00e9gie cloud Azure et conception de l\u2019architecture<\/li>\n\n\n\n<li>\u00c9valuations de la pr\u00e9paration au cloud et planification de la migration<\/li>\n\n\n\n<li>D\u00e9ploiement et configuration de l\u2019infrastructure Azure<\/li>\n\n\n\n<li>Int\u00e9gration du cloud hybride (sur site \u2194 Azure)<\/li>\n\n\n\n<li>Conception de l\u2019identit\u00e9, de l\u2019acc\u00e8s et de la s\u00e9curit\u00e9 dans Azure<\/li>\n\n\n\n<li>Optimisation des co\u00fbts, surveillance et gouvernance<\/li>\n\n\n\n<li>Support et optimisation post-migration<\/li>\n<\/ul>\n\n<div class=\"wp-block-uagb-advanced-heading uagb-block-822fe356\"><h2 class=\"uagb-heading-text\">Notre approche<\/h2><div class=\"uagb-separator\"><\/div><\/div>\n\n<div class=\"wp-block-uagb-advanced-heading uagb-block-dd254553\"><h3 class=\"uagb-heading-text\">\u00c9valuer<\/h3><\/div>\n\n<p>Nous \u00e9valuons votre infrastructure actuelle, vos charges de travail et vos objectifs commerciaux afin de d\u00e9terminer la pr\u00e9paration au cloud et les priorit\u00e9s de migration.<\/p>\n\n<div class=\"wp-block-uagb-advanced-heading uagb-block-20478ca2\"><h3 class=\"uagb-heading-text\">Migrer et moderniser<\/h3><\/div>\n\n<p>Nous \u00e9valuons votre infrastructure actuelle, vos charges de travail et vos objectifs commerciaux afin de d\u00e9terminer la pr\u00e9paration au cloud et les priorit\u00e9s de migration.<\/p>\n\n<div class=\"wp-block-uagb-advanced-heading uagb-block-0bb4d631\"><h3 class=\"uagb-heading-text\">Optimiser et exploiter<\/h3><\/div>\n\n<p>Apr\u00e8s la migration, nous optimisons les performances, la s\u00e9curit\u00e9 et les co\u00fbts tout en prenant en charge les op\u00e9rations et la croissance continues.<\/p>\n\n<div class=\"wp-block-uagb-advanced-heading uagb-block-b629679c\"><h2 class=\"uagb-heading-text\">\u00c0 qui s\u2019adresse ce service<\/h2><div class=\"uagb-separator\"><\/div><\/div>\n\n<ul class=\"wp-block-list\">\n<li>Organisations planifiant l\u2019adoption de Microsoft Azure<\/li>\n\n\n\n<li>Entreprises migrant d\u2019un environnement sur site vers le cloud<\/li>\n\n\n\n<li>\u00c9quipes exploitant des environnements cloud hybrides<\/li>\n\n\n\n<li>Entreprises \u00e0 la recherche de solutions Azure s\u00e9curis\u00e9es et rentables<\/li>\n\n\n\n<li>Organisations souhaitant un conseil cloud dirig\u00e9 par des ing\u00e9nieurs<\/li>\n<\/ul>\n\n<div class=\"wp-block-uagb-advanced-heading uagb-block-ad877adc\"><h2 class=\"uagb-heading-text\">Pourquoi AtlasOps<\/h2><div class=\"uagb-separator\"><\/div><\/div>\n\n<ul class=\"wp-block-list\">\n<li>Conseil Azure dirig\u00e9 par des ing\u00e9nieurs (aucune pression de vente)<\/li>\n\n\n\n<li>Exp\u00e9rience de migration vers le cloud dans le monde r\u00e9el<\/li>\n\n\n\n<li>La s\u00e9curit\u00e9, la fiabilit\u00e9 et la gouvernance d\u2019abord<\/li>\n\n\n\n<li>Conception et ex\u00e9cution du cloud tenant compte des co\u00fbts<\/li>\n\n\n\n<li>Communication claire et livraison pratique<\/li>\n<\/ul>\n\n<div class=\"wp-block-uagb-container uagb-block-65effa8e alignfull uagb-is-root-container\"><div class=\"uagb-container-inner-blocks-wrap\">\n<div class=\"wp-block-uagb-info-box uagb-block-091c583e uagb-infobox__content-wrap  uagb-infobox-icon-above-title uagb-infobox-image-valign-top\"><div class=\"uagb-ifb-content\"><div class=\"uagb-ifb-title-wrap\"><h2 class=\"uagb-ifb-title\">Pr\u00eat \u00e0 migrer ou \u00e0 optimiser votre cloud ?<\/h2><\/div><p class=\"uagb-ifb-desc\">Discutons de vos objectifs de migration Azure et concevons un environnement cloud qui prend en charge les performances, la s\u00e9curit\u00e9 et la croissance.<\/p><div class=\"uagb-ifb-button-wrapper wp-block-button\"><a href=\"contact\/\" class=\"uagb-infobox-cta-link wp-block-button__link\" target=\"_self\" rel=\"noopener noreferrer\" onclick=\"return true;\"><span class=\"uagb-inline-editing\">Parlez \u00e0 un expert<\/span><\/a><\/div><\/div><\/div>\n\n\n\n<p class=\"has-white-color has-text-color has-link-color has-small-font-size wp-elements-584f25ded949816910ef0c0172adc633\"><em>Confidentiel. Aucune pression de vente. <\/em><\/p>\n<\/div><\/div>\n","protected":false},"excerpt":{"rendered":"<p>AtlasOps aide les organisations \u00e0 migrer, moderniser et exploiter des charges de travail sur Microsoft Azure en mettant l\u2019accent sur [&hellip;]<\/p>\n","protected":false},"author":1,"featured_media":0,"parent":0,"menu_order":0,"comment_status":"closed","ping_status":"closed","template":"","meta":{"_surecart_dashboard_logo_width":"180px","_surecart_dashboard_show_logo":true,"_surecart_dashboard_navigation_orders":true,"_surecart_dashboard_navigation_invoices":true,"_surecart_dashboard_navigation_subscriptions":true,"_surecart_dashboard_navigation_downloads":true,"_surecart_dashboard_navigation_billing":true,"_surecart_dashboard_navigation_account":true,"_uag_custom_page_level_css":"","site-sidebar-layout":"default","site-content-layout":"","ast-site-content-layout":"default","site-content-style":"default","site-sidebar-style":"default","ast-global-header-display":"","ast-banner-title-visibility":"","ast-main-header-display":"","ast-hfb-above-header-display":"","ast-hfb-below-header-display":"","ast-hfb-mobile-header-display":"","site-post-title":"disabled","ast-breadcrumbs-content":"","ast-featured-img":"","footer-sml-layout":"","ast-disable-related-posts":"","theme-transparent-header-meta":"","adv-header-id-meta":"","stick-header-meta":"","header-above-stick-meta":"","header-main-stick-meta":"","header-below-stick-meta":"","astra-migrate-meta-layouts":"default","ast-page-background-enabled":"default","ast-page-background-meta":{"desktop":{"background-color":"var(--ast-global-color-4)","background-image":"","background-repeat":"repeat","background-position":"center center","background-size":"auto","background-attachment":"scroll","background-type":"","background-media":"","overlay-type":"","overlay-color":"","overlay-opacity":"","overlay-gradient":""},"tablet":{"background-color":"","background-image":"","background-repeat":"repeat","background-position":"center center","background-size":"auto","background-attachment":"scroll","background-type":"","background-media":"","overlay-type":"","overlay-color":"","overlay-opacity":"","overlay-gradient":""},"mobile":{"background-color":"","background-image":"","background-repeat":"repeat","background-position":"center center","background-size":"auto","background-attachment":"scroll","background-type":"","background-media":"","overlay-type":"","overlay-color":"","overlay-opacity":"","overlay-gradient":""}},"ast-content-background-meta":{"desktop":{"background-color":"var(--ast-global-color-5)","background-image":"","background-repeat":"repeat","background-position":"center center","background-size":"auto","background-attachment":"scroll","background-type":"","background-media":"","overlay-type":"","overlay-color":"","overlay-opacity":"","overlay-gradient":""},"tablet":{"background-color":"var(--ast-global-color-5)","background-image":"","background-repeat":"repeat","background-position":"center center","background-size":"auto","background-attachment":"scroll","background-type":"","background-media":"","overlay-type":"","overlay-color":"","overlay-opacity":"","overlay-gradient":""},"mobile":{"background-color":"var(--ast-global-color-5)","background-image":"","background-repeat":"repeat","background-position":"center center","background-size":"auto","background-attachment":"scroll","background-type":"","background-media":"","overlay-type":"","overlay-color":"","overlay-opacity":"","overlay-gradient":""}},"footnotes":""},"class_list":["post-508","page","type-page","status-publish","hentry"],"_hostinger_reach_plugin_has_subscription_block":false,"_hostinger_reach_plugin_is_elementor":false,"uagb_featured_image_src":{"full":false,"thumbnail":false,"medium":false,"medium_large":false,"large":false,"1536x1536":false,"2048x2048":false},"uagb_author_info":{"display_name":"barryaliu","author_link":"https:\/\/atlasopsintelligence.com\/fr\/author\/barryaliu\/"},"uagb_comment_info":0,"uagb_excerpt":"AtlasOps aide les organisations \u00e0 migrer, moderniser et exploiter des charges de travail sur Microsoft Azure en mettant l\u2019accent sur [&hellip;]","_links":{"self":[{"href":"https:\/\/atlasopsintelligence.com\/fr\/wp-json\/wp\/v2\/pages\/508","targetHints":{"allow":["GET"]}}],"collection":[{"href":"https:\/\/atlasopsintelligence.com\/fr\/wp-json\/wp\/v2\/pages"}],"about":[{"href":"https:\/\/atlasopsintelligence.com\/fr\/wp-json\/wp\/v2\/types\/page"}],"author":[{"embeddable":true,"href":"https:\/\/atlasopsintelligence.com\/fr\/wp-json\/wp\/v2\/users\/1"}],"replies":[{"embeddable":true,"href":"https:\/\/atlasopsintelligence.com\/fr\/wp-json\/wp\/v2\/comments?post=508"}],"version-history":[{"count":2,"href":"https:\/\/atlasopsintelligence.com\/fr\/wp-json\/wp\/v2\/pages\/508\/revisions"}],"predecessor-version":[{"id":647,"href":"https:\/\/atlasopsintelligence.com\/fr\/wp-json\/wp\/v2\/pages\/508\/revisions\/647"}],"wp:attachment":[{"href":"https:\/\/atlasopsintelligence.com\/fr\/wp-json\/wp\/v2\/media?parent=508"}],"curies":[{"name":"wp","href":"https:\/\/api.w.org\/{rel}","templated":true}]}}